{"id":1021,"date":"2020-03-24T18:18:20","date_gmt":"2020-03-24T17:18:20","guid":{"rendered":"http:\/\/test.muncel.com\/?page_id=1021"},"modified":"2025-10-18T18:22:31","modified_gmt":"2025-10-18T16:22:31","slug":"location","status":"publish","type":"page","link":"http:\/\/trlika.com\/de\/location\/","title":{"rendered":"Lage"},"content":{"rendered":"<iframe loading=\"lazy\" width=\"750\" height=\"550\" frameborder=\"0\" scrolling=\"no\" marginheight=\"0\" marginwidth=\"0\" src=\"https:\/\/maps.google.com\/maps\/ms?msa=0&amp;msid=212194678696533923403.0004cfe47a776b4b0692e&amp;ie=UTF8&amp;ll=44.791136,14.708019&amp;spn=0,0&amp;t=h&amp;output=embed\"><\/iframe>\n\n\n\n<p>Haus Trlika, Family Mikeli\u0107, Kampor 379, Rab 51280, Croatia <\/p>\n\n\n\n<p>Meer: 50 m<br>Supermarket: 100 m<br>Der Bootsliegeplatz: 80 m<br>Strand \"Meli\u0107\": 150 m<br>Der Sand Strand \"Mel\": 700 m<br>Restaurants: 100 m<br>Caffe bars: 80 m<br>Tauchzentrum: 250 m<br>Rent a Boot\/Fahrad\/Moped: 100 m <\/p>\n\n\n\n<p>Tennisplatz\/TennisSchule: 400 m<br>Bocciaplatz: 50 m<br>Ambulanz: 5 km<br>Apotheke: 5 km<br>Apotheke: 5 km<br>Disco-Club: 5 km<br>Kasino: 5 km<br>Bus: 150 m<br>Flughafen: 120 km <\/p>\n\n\n\n<div class=\"wp-block-jetpack-slideshow aligncenter\" data-effect=\"slide\"><div class=\"wp-block-jetpack-slideshow_container swiper-container\"><ul class=\"wp-block-jetpack-slideshow_swiper-wrapper swiper-wrapper\"><li class=\"wp-block-jetpack-slideshow_slide swiper-slide\"><figure><img data-recalc-dims=\"1\" loading=\"lazy\" decoding=\"async\" width=\"748\" height=\"507\" alt=\"\" class=\"wp-block-jetpack-slideshow_image wp-image-1024\" data-id=\"1024\" src=\"https:\/\/i0.wp.com\/test.muncel.com\/wp-content\/uploads\/2020\/03\/pozicija_1-1024x694.jpg?resize=748%2C507\" srcset=\"https:\/\/i0.wp.com\/trlika.com\/wp-content\/uploads\/2020\/03\/pozicija_1.jpg?resize=1024%2C694 1024w, https:\/\/i0.wp.com\/trlika.com\/wp-content\/uploads\/2020\/03\/pozicija_1.jpg?resize=300%2C203 300w, https:\/\/i0.wp.com\/trlika.com\/wp-content\/uploads\/2020\/03\/pozicija_1.jpg?resize=768%2C520 768w, https:\/\/i0.wp.com\/trlika.com\/wp-content\/uploads\/2020\/03\/pozicija_1.jpg?resize=1536%2C1041 1536w, https:\/\/i0.wp.com\/trlika.com\/wp-content\/uploads\/2020\/03\/pozicija_1.jpg?resize=827%2C560 827w, https:\/\/i0.wp.com\/trlika.com\/wp-content\/uploads\/2020\/03\/pozicija_1.jpg?w=1922 1922w\" sizes=\"(max-width: 748px) 100vw, 748px\" \/><\/figure><\/li><li class=\"wp-block-jetpack-slideshow_slide swiper-slide\"><figure><img data-recalc-dims=\"1\" loading=\"lazy\" decoding=\"async\" width=\"748\" height=\"420\" alt=\"\" class=\"wp-block-jetpack-slideshow_image wp-image-1025\" data-id=\"1025\" src=\"https:\/\/i0.wp.com\/test.muncel.com\/wp-content\/uploads\/2020\/03\/slika.pozicija1-1024x575.jpg?resize=748%2C420\" srcset=\"https:\/\/i0.wp.com\/trlika.com\/wp-content\/uploads\/2020\/03\/slika.pozicija1.jpg?resize=1024%2C575 1024w, https:\/\/i0.wp.com\/trlika.com\/wp-content\/uploads\/2020\/03\/slika.pozicija1.jpg?resize=300%2C169 300w, https:\/\/i0.wp.com\/trlika.com\/wp-content\/uploads\/2020\/03\/slika.pozicija1.jpg?resize=768%2C431 768w, https:\/\/i0.wp.com\/trlika.com\/wp-content\/uploads\/2020\/03\/slika.pozicija1.jpg?resize=1536%2C863 1536w, https:\/\/i0.wp.com\/trlika.com\/wp-content\/uploads\/2020\/03\/slika.pozicija1.jpg?resize=997%2C560 997w, https:\/\/i0.wp.com\/trlika.com\/wp-content\/uploads\/2020\/03\/slika.pozicija1.jpg?w=1862 1862w\" sizes=\"(max-width: 748px) 100vw, 748px\" \/><\/figure><\/li><\/ul><a class=\"wp-block-jetpack-slideshow_button-prev swiper-button-prev swiper-button-white\" role=\"button\"><\/a><a class=\"wp-block-jetpack-slideshow_button-next swiper-button-next swiper-button-white\" role=\"button\"><\/a><a aria-label=\"Pause Slideshow\" class=\"wp-block-jetpack-slideshow_button-pause\" role=\"button\"><\/a><div class=\"wp-block-jetpack-slideshow_pagination swiper-pagination swiper-pagination-white\"><\/div><\/div><\/div>","protected":false},"excerpt":{"rendered":"<p>House Trlika, Family Mikeli\u0107, Kampor 379, Rab 51280, Croatia Sea-side: 50 mSupermarket: 100 mBoat berth: 80 mBeach &#8220;Meli\u0107&#8221;: 150 mSand beach &#8220;Mel&#8221;: 700 mRestaurants: 100 mCaffe bars: 80 mDiving center: 250 mRent a boat\/bike\/moped: 100 m Tennis court\/school: 400 mBasketball\/football court: 80 mBowl court: 50 mAmbulance: 5 kmPharmacy: 5 kmDisco club: 5 kmCasino: 5 kmLocal &hellip; <a href=\"http:\/\/trlika.com\/de\/location\/\" class=\"more-link\">Continue reading<span class=\"screen-reader-text\"> &#8220;Location&#8221;<\/span><\/a><\/p>","protected":false},"author":1,"featured_media":18004,"parent":0,"menu_order":0,"comment_status":"closed","ping_status":"closed","template":"","meta":{"jetpack_post_was_ever_published":false,"footnotes":""},"class_list":["post-1021","page","type-page","status-publish","has-post-thumbnail","hentry"],"jetpack_sharing_enabled":true,"jetpack_shortlink":"https:\/\/wp.me\/PbRaJk-gt","jetpack-related-posts":[{"id":117,"url":"http:\/\/trlika.com\/de\/hotel\/rab-island\/activities\/","url_meta":{"origin":1021,"position":0},"title":"Aktivit\u00e4ten","author":"Ivica","date":"16. Mai 2017.","format":false,"excerpt":"Make your holidays unforgettable...","rel":"","context":"\u00c4hnlicher Beitrag","block_context":{"text":"\u00c4hnlicher Beitrag","link":""},"img":{"alt_text":"","src":"https:\/\/i0.wp.com\/trlika.com\/wp-content\/uploads\/2020\/03\/Planinarenje.jpg?fit=720%2C425&resize=350%2C200","width":350,"height":200,"srcset":"https:\/\/i0.wp.com\/trlika.com\/wp-content\/uploads\/2020\/03\/Planinarenje.jpg?fit=720%2C425&resize=350%2C200 1x, https:\/\/i0.wp.com\/trlika.com\/wp-content\/uploads\/2020\/03\/Planinarenje.jpg?fit=720%2C425&resize=525%2C300 1.5x, https:\/\/i0.wp.com\/trlika.com\/wp-content\/uploads\/2020\/03\/Planinarenje.jpg?fit=720%2C425&resize=700%2C400 2x"},"classes":[]},{"id":44,"url":"http:\/\/trlika.com\/de\/hotel\/rab-island\/","url_meta":{"origin":1021,"position":1},"title":"Rab \u2013 100%  Insel","author":"Ivica","date":"16. Mai 2017.","format":false,"excerpt":"Rab is an island, a piece of the Kvarner Bay archipelago in the northern part of the Adriatic Sea. Together with smaller isles surrounding it, the surface of the island is 86,14 square kilometers. At its longest part the island measures 22km while at its widest part it is 11km\u2026","rel":"","context":"\u00c4hnlicher Beitrag","block_context":{"text":"\u00c4hnlicher Beitrag","link":""},"img":{"alt_text":"Insel Rab","src":"https:\/\/i0.wp.com\/trlika.com\/wp-content\/uploads\/2020\/03\/Island-Rab-scaled.jpg?fit=1200%2C708&resize=350%2C200","width":350,"height":200,"srcset":"https:\/\/i0.wp.com\/trlika.com\/wp-content\/uploads\/2020\/03\/Island-Rab-scaled.jpg?fit=1200%2C708&resize=350%2C200 1x, https:\/\/i0.wp.com\/trlika.com\/wp-content\/uploads\/2020\/03\/Island-Rab-scaled.jpg?fit=1200%2C708&resize=525%2C300 1.5x, https:\/\/i0.wp.com\/trlika.com\/wp-content\/uploads\/2020\/03\/Island-Rab-scaled.jpg?fit=1200%2C708&resize=700%2C400 2x, https:\/\/i0.wp.com\/trlika.com\/wp-content\/uploads\/2020\/03\/Island-Rab-scaled.jpg?fit=1200%2C708&resize=1050%2C600 3x"},"classes":[]},{"id":841,"url":"http:\/\/trlika.com\/de\/the-blue-line-apartment\/","url_meta":{"origin":1021,"position":2},"title":"The Blue Line Apartment","author":"Ivica","date":"24. M\u00e4rz 2020.","format":false,"excerpt":"Sch\u00f6ne, gem\u00fctliche und komfortable Wohnung f\u00fcr zwei oder f\u00fcr eine Familie mit kleinen Kindern.","rel":"","context":"\u00c4hnlicher Beitrag","block_context":{"text":"\u00c4hnlicher Beitrag","link":""},"img":{"alt_text":"","src":"https:\/\/i0.wp.com\/trlika.com\/wp-content\/uploads\/2020\/03\/IMG_4315-scaled.jpg?fit=1200%2C900&resize=350%2C200","width":350,"height":200,"srcset":"https:\/\/i0.wp.com\/trlika.com\/wp-content\/uploads\/2020\/03\/IMG_4315-scaled.jpg?fit=1200%2C900&resize=350%2C200 1x, https:\/\/i0.wp.com\/trlika.com\/wp-content\/uploads\/2020\/03\/IMG_4315-scaled.jpg?fit=1200%2C900&resize=525%2C300 1.5x, https:\/\/i0.wp.com\/trlika.com\/wp-content\/uploads\/2020\/03\/IMG_4315-scaled.jpg?fit=1200%2C900&resize=700%2C400 2x, https:\/\/i0.wp.com\/trlika.com\/wp-content\/uploads\/2020\/03\/IMG_4315-scaled.jpg?fit=1200%2C900&resize=1050%2C600 3x"},"classes":[]},{"id":361,"url":"http:\/\/trlika.com\/de\/","url_meta":{"origin":1021,"position":3},"title":"Willkommen in Trlika Apartments","author":"Ivica","date":"16. Mai 2017.","format":false,"excerpt":"Your home on the island","rel":"","context":"\u00c4hnlicher Beitrag","block_context":{"text":"\u00c4hnlicher Beitrag","link":""},"img":{"alt_text":"Apartments Trlika","src":"https:\/\/i0.wp.com\/trlika.com\/wp-content\/uploads\/2022\/02\/kuca1-1-scaled.jpg?fit=1200%2C675&resize=350%2C200","width":350,"height":200,"srcset":"https:\/\/i0.wp.com\/trlika.com\/wp-content\/uploads\/2022\/02\/kuca1-1-scaled.jpg?fit=1200%2C675&resize=350%2C200 1x, https:\/\/i0.wp.com\/trlika.com\/wp-content\/uploads\/2022\/02\/kuca1-1-scaled.jpg?fit=1200%2C675&resize=525%2C300 1.5x, https:\/\/i0.wp.com\/trlika.com\/wp-content\/uploads\/2022\/02\/kuca1-1-scaled.jpg?fit=1200%2C675&resize=700%2C400 2x, https:\/\/i0.wp.com\/trlika.com\/wp-content\/uploads\/2022\/02\/kuca1-1-scaled.jpg?fit=1200%2C675&resize=1050%2C600 3x"},"classes":[]}],"_links":{"self":[{"href":"http:\/\/trlika.com\/de\/wp-json\/wp\/v2\/pages\/1021","targetHints":{"allow":["GET"]}}],"collection":[{"href":"http:\/\/trlika.com\/de\/wp-json\/wp\/v2\/pages"}],"about":[{"href":"http:\/\/trlika.com\/de\/wp-json\/wp\/v2\/types\/page"}],"author":[{"embeddable":true,"href":"http:\/\/trlika.com\/de\/wp-json\/wp\/v2\/users\/1"}],"replies":[{"embeddable":true,"href":"http:\/\/trlika.com\/de\/wp-json\/wp\/v2\/comments?post=1021"}],"version-history":[{"count":11,"href":"http:\/\/trlika.com\/de\/wp-json\/wp\/v2\/pages\/1021\/revisions"}],"predecessor-version":[{"id":1609,"href":"http:\/\/trlika.com\/de\/wp-json\/wp\/v2\/pages\/1021\/revisions\/1609"}],"wp:featuredmedia":[{"embeddable":true,"href":"http:\/\/trlika.com\/de\/wp-json\/wp\/v2\/media\/18004"}],"wp:attachment":[{"href":"http:\/\/trlika.com\/de\/wp-json\/wp\/v2\/media?parent=1021"}],"curies":[{"name":"wp","href":"https:\/\/api.w.org\/{rel}","templated":true}]}}