{"id":1235,"date":"2020-03-28T17:50:34","date_gmt":"2020-03-28T16:50:34","guid":{"rendered":"http:\/\/test.muncel.com\/?page_id=1235"},"modified":"2020-03-28T17:52:10","modified_gmt":"2020-03-28T16:52:10","slug":"gdpr","status":"publish","type":"page","link":"http:\/\/trlika.com\/de\/gdpr\/","title":{"rendered":"GDPR"},"content":{"rendered":"<p>Dear guests,<br> A mandatory law &#8211; General Data Protection Regulation (GDPR) requires every guest have to present valid government ID upon check-in, persons other than registered guests are restricted from the apartment. As of 25.05.2018. we are obliged to inform you that when placing a reservation and at check-in into your place of accommodation you agree to present your personal identification documents, i.e. submit your personal data. <\/p>\n\n\n\n<p>Personal data required: first and last name, type and number of your personal identification document, gender, state and address of residence, with date of birth and citizenship <\/p>\n\n\n\n<p>Data is collected only for evidence of tourists in the Information System of Tourist Boards of the Republic of Croatia \u2013 eVisitor (Law on sojourn tax, National Gazette 152\/08).<br>\nThe personal data is collected for statistic processing and is used by the Tourist boards, public authorities and Ministries relating to this procedure. <\/p>\n\n\n\n<p>List of departments we have to provide your personal data to: Ministry of tourism and Tourist inspection, Ministry of internal affairs and Ministry of finances \u2013 Customs authorities.<br>Each unauthorized usage, publication, change, processing, reproduction, distribution, recording or assignment or any other form of unauthorized usage of such personal data is strictly prohibited.<br>Thank you for understanding<\/p>","protected":false},"excerpt":{"rendered":"<p>General Data Protection Regulation<\/p>","protected":false},"author":1,"featured_media":1239,"parent":0,"menu_order":0,"comment_status":"closed","ping_status":"closed","template":"","meta":{"jetpack_post_was_ever_published":false,"footnotes":""},"class_list":["post-1235","page","type-page","status-publish","has-post-thumbnail","hentry"],"jetpack_sharing_enabled":true,"jetpack_shortlink":"https:\/\/wp.me\/PbRaJk-jV","jetpack-related-posts":[{"id":1151,"url":"http:\/\/trlika.com\/de\/rab\/","url_meta":{"origin":1235,"position":0},"title":"Links","author":"Ivica","date":"27. M\u00e4rz 2020.","format":false,"excerpt":"The Official Web Site of Tourist Board of Island of Rab The Tourist board of Croatia Tourist Board of Kvarner Region Kantuni \/ Corners An original cultural-tourism project Plitvice Lakes National Park Rab Jazz Fest The Official Web Site of the Town of Rab RAFF - Rab Film Festival Ferry\u2026","rel":"","context":"\u00c4hnlicher Beitrag","block_context":{"text":"\u00c4hnlicher Beitrag","link":""},"img":{"alt_text":"","src":"https:\/\/i0.wp.com\/trlika.com\/wp-content\/uploads\/2020\/03\/rab-trel-2-scaled.jpg?fit=1200%2C800&resize=350%2C200","width":350,"height":200,"srcset":"https:\/\/i0.wp.com\/trlika.com\/wp-content\/uploads\/2020\/03\/rab-trel-2-scaled.jpg?fit=1200%2C800&resize=350%2C200 1x, https:\/\/i0.wp.com\/trlika.com\/wp-content\/uploads\/2020\/03\/rab-trel-2-scaled.jpg?fit=1200%2C800&resize=525%2C300 1.5x, https:\/\/i0.wp.com\/trlika.com\/wp-content\/uploads\/2020\/03\/rab-trel-2-scaled.jpg?fit=1200%2C800&resize=700%2C400 2x, https:\/\/i0.wp.com\/trlika.com\/wp-content\/uploads\/2020\/03\/rab-trel-2-scaled.jpg?fit=1200%2C800&resize=1050%2C600 3x"},"classes":[]},{"id":115,"url":"http:\/\/trlika.com\/de\/hotel\/rab-island\/culture\/","url_meta":{"origin":1235,"position":1},"title":"Kultur","author":"Ivica","date":"16. Mai 2017.","format":false,"excerpt":"\u201ca strange medieval town, closer to reminiscence than reality...\"","rel":"","context":"\u00c4hnlicher Beitrag","block_context":{"text":"\u00c4hnlicher Beitrag","link":""},"img":{"alt_text":"","src":"https:\/\/i0.wp.com\/trlika.com\/wp-content\/uploads\/2020\/03\/rabrfge-1.jpg?fit=1200%2C480&resize=350%2C200","width":350,"height":200,"srcset":"https:\/\/i0.wp.com\/trlika.com\/wp-content\/uploads\/2020\/03\/rabrfge-1.jpg?fit=1200%2C480&resize=350%2C200 1x, https:\/\/i0.wp.com\/trlika.com\/wp-content\/uploads\/2020\/03\/rabrfge-1.jpg?fit=1200%2C480&resize=525%2C300 1.5x, https:\/\/i0.wp.com\/trlika.com\/wp-content\/uploads\/2020\/03\/rabrfge-1.jpg?fit=1200%2C480&resize=700%2C400 2x, https:\/\/i0.wp.com\/trlika.com\/wp-content\/uploads\/2020\/03\/rabrfge-1.jpg?fit=1200%2C480&resize=1050%2C600 3x"},"classes":[]},{"id":841,"url":"http:\/\/trlika.com\/de\/the-blue-line-apartment\/","url_meta":{"origin":1235,"position":2},"title":"The Blue Line Apartment","author":"Ivica","date":"24. M\u00e4rz 2020.","format":false,"excerpt":"Sch\u00f6ne, gem\u00fctliche und komfortable Wohnung f\u00fcr zwei oder f\u00fcr eine Familie mit kleinen Kindern.","rel":"","context":"\u00c4hnlicher Beitrag","block_context":{"text":"\u00c4hnlicher Beitrag","link":""},"img":{"alt_text":"","src":"https:\/\/i0.wp.com\/trlika.com\/wp-content\/uploads\/2020\/03\/IMG_4315-scaled.jpg?fit=1200%2C900&resize=350%2C200","width":350,"height":200,"srcset":"https:\/\/i0.wp.com\/trlika.com\/wp-content\/uploads\/2020\/03\/IMG_4315-scaled.jpg?fit=1200%2C900&resize=350%2C200 1x, https:\/\/i0.wp.com\/trlika.com\/wp-content\/uploads\/2020\/03\/IMG_4315-scaled.jpg?fit=1200%2C900&resize=525%2C300 1.5x, https:\/\/i0.wp.com\/trlika.com\/wp-content\/uploads\/2020\/03\/IMG_4315-scaled.jpg?fit=1200%2C900&resize=700%2C400 2x, https:\/\/i0.wp.com\/trlika.com\/wp-content\/uploads\/2020\/03\/IMG_4315-scaled.jpg?fit=1200%2C900&resize=1050%2C600 3x"},"classes":[]},{"id":652,"url":"http:\/\/trlika.com\/de\/kampor\/","url_meta":{"origin":1235,"position":3},"title":"Kampor","author":"Ivica","date":"22. M\u00e4rz 2020.","format":false,"excerpt":"Kampor is rich with forests and many sandy, pebble and rocky beaches and bays. One of larger is sandy beach \"Veliki Mel\" in Kampor, that lays 200m from our house. There is also one of the most popular FKK beaches in the region named \"Kandalora\" or \"The English beach\" as\u2026","rel":"","context":"\u00c4hnlicher Beitrag","block_context":{"text":"\u00c4hnlicher Beitrag","link":""},"img":{"alt_text":"Kampor","src":"https:\/\/i0.wp.com\/trlika.com\/wp-content\/uploads\/2020\/03\/2aa4f79c-bb70-4c89-b04f-509a77a750d0_0.jpg?fit=1200%2C763&resize=350%2C200","width":350,"height":200,"srcset":"https:\/\/i0.wp.com\/trlika.com\/wp-content\/uploads\/2020\/03\/2aa4f79c-bb70-4c89-b04f-509a77a750d0_0.jpg?fit=1200%2C763&resize=350%2C200 1x, https:\/\/i0.wp.com\/trlika.com\/wp-content\/uploads\/2020\/03\/2aa4f79c-bb70-4c89-b04f-509a77a750d0_0.jpg?fit=1200%2C763&resize=525%2C300 1.5x, https:\/\/i0.wp.com\/trlika.com\/wp-content\/uploads\/2020\/03\/2aa4f79c-bb70-4c89-b04f-509a77a750d0_0.jpg?fit=1200%2C763&resize=700%2C400 2x, https:\/\/i0.wp.com\/trlika.com\/wp-content\/uploads\/2020\/03\/2aa4f79c-bb70-4c89-b04f-509a77a750d0_0.jpg?fit=1200%2C763&resize=1050%2C600 3x"},"classes":[]},{"id":978,"url":"http:\/\/trlika.com\/de\/the-big-family-apartment\/","url_meta":{"origin":1235,"position":4},"title":"The Big Family Apartment","author":"Ivica","date":"24. M\u00e4rz 2020.","format":false,"excerpt":"Gro\u00dfe und komfortable Wohnung f\u00fcr eine gro\u00dfe Familie oder eine Gruppe von Freunden.","rel":"","context":"\u00c4hnlicher Beitrag","block_context":{"text":"\u00c4hnlicher Beitrag","link":""},"img":{"alt_text":"","src":"https:\/\/i0.wp.com\/trlika.com\/wp-content\/uploads\/2024\/07\/IMG_3070.jpeg?fit=1200%2C900&resize=350%2C200","width":350,"height":200,"srcset":"https:\/\/i0.wp.com\/trlika.com\/wp-content\/uploads\/2024\/07\/IMG_3070.jpeg?fit=1200%2C900&resize=350%2C200 1x, https:\/\/i0.wp.com\/trlika.com\/wp-content\/uploads\/2024\/07\/IMG_3070.jpeg?fit=1200%2C900&resize=525%2C300 1.5x, https:\/\/i0.wp.com\/trlika.com\/wp-content\/uploads\/2024\/07\/IMG_3070.jpeg?fit=1200%2C900&resize=700%2C400 2x, https:\/\/i0.wp.com\/trlika.com\/wp-content\/uploads\/2024\/07\/IMG_3070.jpeg?fit=1200%2C900&resize=1050%2C600 3x"},"classes":[]},{"id":117,"url":"http:\/\/trlika.com\/de\/hotel\/rab-island\/activities\/","url_meta":{"origin":1235,"position":5},"title":"Aktivit\u00e4ten","author":"Ivica","date":"16. Mai 2017.","format":false,"excerpt":"Make your holidays unforgettable...","rel":"","context":"\u00c4hnlicher Beitrag","block_context":{"text":"\u00c4hnlicher Beitrag","link":""},"img":{"alt_text":"","src":"https:\/\/i0.wp.com\/trlika.com\/wp-content\/uploads\/2020\/03\/Planinarenje.jpg?fit=720%2C425&resize=350%2C200","width":350,"height":200,"srcset":"https:\/\/i0.wp.com\/trlika.com\/wp-content\/uploads\/2020\/03\/Planinarenje.jpg?fit=720%2C425&resize=350%2C200 1x, https:\/\/i0.wp.com\/trlika.com\/wp-content\/uploads\/2020\/03\/Planinarenje.jpg?fit=720%2C425&resize=525%2C300 1.5x, https:\/\/i0.wp.com\/trlika.com\/wp-content\/uploads\/2020\/03\/Planinarenje.jpg?fit=720%2C425&resize=700%2C400 2x"},"classes":[]}],"_links":{"self":[{"href":"http:\/\/trlika.com\/de\/wp-json\/wp\/v2\/pages\/1235","targetHints":{"allow":["GET"]}}],"collection":[{"href":"http:\/\/trlika.com\/de\/wp-json\/wp\/v2\/pages"}],"about":[{"href":"http:\/\/trlika.com\/de\/wp-json\/wp\/v2\/types\/page"}],"author":[{"embeddable":true,"href":"http:\/\/trlika.com\/de\/wp-json\/wp\/v2\/users\/1"}],"replies":[{"embeddable":true,"href":"http:\/\/trlika.com\/de\/wp-json\/wp\/v2\/comments?post=1235"}],"version-history":[{"count":2,"href":"http:\/\/trlika.com\/de\/wp-json\/wp\/v2\/pages\/1235\/revisions"}],"predecessor-version":[{"id":1240,"href":"http:\/\/trlika.com\/de\/wp-json\/wp\/v2\/pages\/1235\/revisions\/1240"}],"wp:featuredmedia":[{"embeddable":true,"href":"http:\/\/trlika.com\/de\/wp-json\/wp\/v2\/media\/1239"}],"wp:attachment":[{"href":"http:\/\/trlika.com\/de\/wp-json\/wp\/v2\/media?parent=1235"}],"curies":[{"name":"wp","href":"https:\/\/api.w.org\/{rel}","templated":true}]}}