{"id":160,"date":"2017-05-17T07:34:30","date_gmt":"2017-05-17T07:34:30","guid":{"rendered":"http:\/\/themes.getmotopress.com\/oceanica\/?page_id=160"},"modified":"2017-05-17T07:34:30","modified_gmt":"2017-05-17T07:34:30","slug":"booking-cancellation-page","status":"publish","type":"page","link":"http:\/\/trlika.com\/de\/booking-confirmation\/booking-cancellation-page\/","title":{"rendered":"Booking Cancellation Page"},"content":{"rendered":"<p>We are pleased to inform you that your reservation is canceled.<\/p>","protected":false},"excerpt":{"rendered":"<p>We are pleased to inform you that your reservation is canceled.<\/p>","protected":false},"author":1,"featured_media":0,"parent":60,"menu_order":0,"comment_status":"closed","ping_status":"closed","template":"","meta":{"jetpack_post_was_ever_published":false,"footnotes":""},"class_list":["post-160","page","type-page","status-publish","hentry"],"jetpack_sharing_enabled":false,"jetpack_shortlink":"https:\/\/wp.me\/PbRaJk-2A","jetpack-related-posts":[{"id":1105,"url":"http:\/\/trlika.com\/de\/terms-and-conditions\/","url_meta":{"origin":160,"position":0},"title":"Terms and conditions","author":"Ivica","date":"26. M\u00e4rz 2020.","format":false,"excerpt":"Bank account:Name and surname:\u00a0IVICA MIKELICAddress:\u00a0Kampor 203, 51280 Rab, CroatiaIBAN: HR0324020063101456343Bank: Erste & Steierm\u00e4rkische Bank, Jadranski trg 3a, 51000 Rijeka, CroatiaSWIFT: ESBCHR22 Bank fees and money transfer costs should be paid by sending party.In case more guests arrive than was registered upon reservation, we reserve the right to deny accommodation to\u2026","rel":"","context":"\u00c4hnlicher Beitrag","block_context":{"text":"\u00c4hnlicher Beitrag","link":""},"img":{"alt_text":"","src":"https:\/\/i0.wp.com\/trlika.com\/wp-content\/uploads\/2020\/03\/rab-sziget-kepek-13-1.jpg?fit=1200%2C799&resize=350%2C200","width":350,"height":200,"srcset":"https:\/\/i0.wp.com\/trlika.com\/wp-content\/uploads\/2020\/03\/rab-sziget-kepek-13-1.jpg?fit=1200%2C799&resize=350%2C200 1x, https:\/\/i0.wp.com\/trlika.com\/wp-content\/uploads\/2020\/03\/rab-sziget-kepek-13-1.jpg?fit=1200%2C799&resize=525%2C300 1.5x, https:\/\/i0.wp.com\/trlika.com\/wp-content\/uploads\/2020\/03\/rab-sziget-kepek-13-1.jpg?fit=1200%2C799&resize=700%2C400 2x, https:\/\/i0.wp.com\/trlika.com\/wp-content\/uploads\/2020\/03\/rab-sziget-kepek-13-1.jpg?fit=1200%2C799&resize=1050%2C600 3x"},"classes":[]},{"id":1235,"url":"http:\/\/trlika.com\/de\/gdpr\/","url_meta":{"origin":160,"position":1},"title":"GDPR","author":"Ivica","date":"28. M\u00e4rz 2020.","format":false,"excerpt":"General Data Protection Regulation","rel":"","context":"\u00c4hnlicher Beitrag","block_context":{"text":"\u00c4hnlicher Beitrag","link":""},"img":{"alt_text":"","src":"https:\/\/i0.wp.com\/trlika.com\/wp-content\/uploads\/2020\/03\/Mg-Oldtimers-64.jpg?fit=1200%2C800&resize=350%2C200","width":350,"height":200,"srcset":"https:\/\/i0.wp.com\/trlika.com\/wp-content\/uploads\/2020\/03\/Mg-Oldtimers-64.jpg?fit=1200%2C800&resize=350%2C200 1x, https:\/\/i0.wp.com\/trlika.com\/wp-content\/uploads\/2020\/03\/Mg-Oldtimers-64.jpg?fit=1200%2C800&resize=525%2C300 1.5x, https:\/\/i0.wp.com\/trlika.com\/wp-content\/uploads\/2020\/03\/Mg-Oldtimers-64.jpg?fit=1200%2C800&resize=700%2C400 2x, https:\/\/i0.wp.com\/trlika.com\/wp-content\/uploads\/2020\/03\/Mg-Oldtimers-64.jpg?fit=1200%2C800&resize=1050%2C600 3x"},"classes":[]},{"id":361,"url":"http:\/\/trlika.com\/de\/","url_meta":{"origin":160,"position":2},"title":"Willkommen in Trlika Apartments","author":"Ivica","date":"16. Mai 2017.","format":false,"excerpt":"Your home on the island","rel":"","context":"\u00c4hnlicher Beitrag","block_context":{"text":"\u00c4hnlicher Beitrag","link":""},"img":{"alt_text":"Apartments Trlika","src":"https:\/\/i0.wp.com\/trlika.com\/wp-content\/uploads\/2022\/02\/kuca1-1-scaled.jpg?fit=1200%2C675&resize=350%2C200","width":350,"height":200,"srcset":"https:\/\/i0.wp.com\/trlika.com\/wp-content\/uploads\/2022\/02\/kuca1-1-scaled.jpg?fit=1200%2C675&resize=350%2C200 1x, https:\/\/i0.wp.com\/trlika.com\/wp-content\/uploads\/2022\/02\/kuca1-1-scaled.jpg?fit=1200%2C675&resize=525%2C300 1.5x, https:\/\/i0.wp.com\/trlika.com\/wp-content\/uploads\/2022\/02\/kuca1-1-scaled.jpg?fit=1200%2C675&resize=700%2C400 2x, https:\/\/i0.wp.com\/trlika.com\/wp-content\/uploads\/2022\/02\/kuca1-1-scaled.jpg?fit=1200%2C675&resize=1050%2C600 3x"},"classes":[]},{"id":383,"url":"http:\/\/trlika.com\/de\/special-offers\/romantic-weekend\/","url_meta":{"origin":160,"position":3},"title":"Romantic Weekend","author":"Ivica","date":"8. Juni 2017.","format":false,"excerpt":"two special days of romance","rel":"","context":"\u00c4hnlicher Beitrag","block_context":{"text":"\u00c4hnlicher Beitrag","link":""},"img":{"alt_text":"","src":"","width":0,"height":0},"classes":[]},{"id":388,"url":"http:\/\/trlika.com\/de\/special-offers\/business-offer\/","url_meta":{"origin":160,"position":4},"title":"Business Offer","author":"Ivica","date":"8. Juni 2017.","format":false,"excerpt":"Business offer for corporate trips","rel":"","context":"\u00c4hnlicher Beitrag","block_context":{"text":"\u00c4hnlicher Beitrag","link":""},"img":{"alt_text":"","src":"","width":0,"height":0},"classes":[]},{"id":372,"url":"http:\/\/trlika.com\/de\/special-offers\/members-rate\/","url_meta":{"origin":160,"position":5},"title":"Members&#8217; Rate","author":"Ivica","date":"7. Juni 2017.","format":false,"excerpt":"The lowest price for members","rel":"","context":"\u00c4hnlicher Beitrag","block_context":{"text":"\u00c4hnlicher Beitrag","link":""},"img":{"alt_text":"View from Mel beach","src":"https:\/\/i0.wp.com\/trlika.com\/wp-content\/uploads\/2020\/03\/IMG_2050-613635960-1584528607829.jpg?fit=1200%2C829&resize=350%2C200","width":350,"height":200,"srcset":"https:\/\/i0.wp.com\/trlika.com\/wp-content\/uploads\/2020\/03\/IMG_2050-613635960-1584528607829.jpg?fit=1200%2C829&resize=350%2C200 1x, https:\/\/i0.wp.com\/trlika.com\/wp-content\/uploads\/2020\/03\/IMG_2050-613635960-1584528607829.jpg?fit=1200%2C829&resize=525%2C300 1.5x, https:\/\/i0.wp.com\/trlika.com\/wp-content\/uploads\/2020\/03\/IMG_2050-613635960-1584528607829.jpg?fit=1200%2C829&resize=700%2C400 2x, https:\/\/i0.wp.com\/trlika.com\/wp-content\/uploads\/2020\/03\/IMG_2050-613635960-1584528607829.jpg?fit=1200%2C829&resize=1050%2C600 3x"},"classes":[]}],"_links":{"self":[{"href":"http:\/\/trlika.com\/de\/wp-json\/wp\/v2\/pages\/160","targetHints":{"allow":["GET"]}}],"collection":[{"href":"http:\/\/trlika.com\/de\/wp-json\/wp\/v2\/pages"}],"about":[{"href":"http:\/\/trlika.com\/de\/wp-json\/wp\/v2\/types\/page"}],"author":[{"embeddable":true,"href":"http:\/\/trlika.com\/de\/wp-json\/wp\/v2\/users\/1"}],"replies":[{"embeddable":true,"href":"http:\/\/trlika.com\/de\/wp-json\/wp\/v2\/comments?post=160"}],"version-history":[{"count":0,"href":"http:\/\/trlika.com\/de\/wp-json\/wp\/v2\/pages\/160\/revisions"}],"up":[{"embeddable":true,"href":"http:\/\/trlika.com\/de\/wp-json\/wp\/v2\/pages\/60"}],"wp:attachment":[{"href":"http:\/\/trlika.com\/de\/wp-json\/wp\/v2\/media?parent=160"}],"curies":[{"name":"wp","href":"https:\/\/api.w.org\/{rel}","templated":true}]}}