{"id":361,"date":"2017-05-16T13:40:41","date_gmt":"2017-05-16T13:40:41","guid":{"rendered":"http:\/\/themes.getmotopress.com\/oceanica\/?page_id=16"},"modified":"2024-08-01T17:02:14","modified_gmt":"2024-08-01T15:02:14","slug":"hotel","status":"publish","type":"page","link":"http:\/\/trlika.com\/de\/","title":{"rendered":"Willkommen in Trlika Apartments"},"content":{"rendered":"<p style=\"text-align: center;\">We are very pleased to invite you to Trlika Apartments.<\/p>\n<p style=\"text-align: center;\">Trlika Apartments offers three very comfortable two-bedroom apartments and two studio apartments. A small port with boat berths is 70 metres away.<\/p>\n<p style=\"text-align: center;\">Situated 50 metres from the sea-side in the centre of a small village of Kampor, in front of the Kalifront peninsula with Dundovo forest and its many picturesque bays, our apartments will be your pleasant home on the island.<\/p>\n<p style=\"text-align: center;\">The Dundovo forest was declared a special forest vegetation reserve in 1949.\u00a0 Spanning 1400 hectares, it is the largest habitat of holm oak in the Mediterranean.<\/p>\n<p style=\"text-align: center;\">Rab, or Arba at the time, was first mentioned in a Greek source in 360 BC.\u00a0 The town of Rab is recognizable by the four church towers that form its outline.<\/p>\n<p style=\"text-align: center;\">Der englische Architekt T. G. Jackson erkl\u00e4rte 1887 das, was viele vor und nach ihm gesagt haben:<br \/>\u201c<em>eine seltsame mittelalterliche Stadt, n\u00e4her an der Erinnerung als an der Realit\u00e4t...nach meinem Geschmack die sch\u00f6nste aller dalmatinischen St\u00e4dte<\/em>\u201d.<\/p>\n<p style=\"text-align: center;\">We wish you a pleasant vacation.\u00a0<\/p>\n<p style=\"text-align: center;\">Yours,<br \/>the Mikeli\u0107 family<\/p>\n\n\n<p class=\"has-text-align-center\"><\/p>\n\n\n\n<div class=\"wp-block-group\"><div class=\"wp-block-group__inner-container is-layout-constrained wp-block-group-is-layout-constrained\"><\/div><\/div>\n\n\n\n\n\n<p><\/p>","protected":false},"excerpt":{"rendered":"<p>Your home on the island<\/p>","protected":false},"author":1,"featured_media":9145,"parent":0,"menu_order":0,"comment_status":"closed","ping_status":"closed","template":"template-front-page.php","meta":{"jetpack_post_was_ever_published":false,"footnotes":""},"class_list":["post-361","page","type-page","status-publish","has-post-thumbnail","hentry"],"jetpack_sharing_enabled":true,"jetpack_shortlink":"https:\/\/wp.me\/PbRaJk-5P","jetpack-related-posts":[{"id":775,"url":"http:\/\/trlika.com\/de\/apartments-mikelic\/","url_meta":{"origin":361,"position":0},"title":"Apartments Mikelic","author":"Ivica","date":"23. M\u00e4rz 2020.","format":false,"excerpt":"The house is situated in a quiet place in the middle of a small village Kampor, overlooking the St. Eufemija bay and the old town as well as the Dundovo park-forest situated on the Kristofor peninsula melting away with numerous bays of the blue Adriatic. Apartments are placed in a\u2026","rel":"","context":"\u00c4hnlicher Beitrag","block_context":{"text":"\u00c4hnlicher Beitrag","link":""},"img":{"alt_text":"The Blue Line Apartment","src":"https:\/\/i0.wp.com\/trlika.com\/wp-content\/uploads\/2020\/03\/IMG_0463-scaled.jpg?fit=1200%2C900&resize=350%2C200","width":350,"height":200,"srcset":"https:\/\/i0.wp.com\/trlika.com\/wp-content\/uploads\/2020\/03\/IMG_0463-scaled.jpg?fit=1200%2C900&resize=350%2C200 1x, https:\/\/i0.wp.com\/trlika.com\/wp-content\/uploads\/2020\/03\/IMG_0463-scaled.jpg?fit=1200%2C900&resize=525%2C300 1.5x, https:\/\/i0.wp.com\/trlika.com\/wp-content\/uploads\/2020\/03\/IMG_0463-scaled.jpg?fit=1200%2C900&resize=700%2C400 2x, https:\/\/i0.wp.com\/trlika.com\/wp-content\/uploads\/2020\/03\/IMG_0463-scaled.jpg?fit=1200%2C900&resize=1050%2C600 3x"},"classes":[]},{"id":1151,"url":"http:\/\/trlika.com\/de\/rab\/","url_meta":{"origin":361,"position":1},"title":"Links","author":"Ivica","date":"27. M\u00e4rz 2020.","format":false,"excerpt":"The Official Web Site of Tourist Board of Island of Rab The Tourist board of Croatia Tourist Board of Kvarner Region Kantuni \/ Corners An original cultural-tourism project Plitvice Lakes National Park Rab Jazz Fest The Official Web Site of the Town of Rab RAFF - Rab Film Festival Ferry\u2026","rel":"","context":"\u00c4hnlicher Beitrag","block_context":{"text":"\u00c4hnlicher Beitrag","link":""},"img":{"alt_text":"","src":"https:\/\/i0.wp.com\/trlika.com\/wp-content\/uploads\/2020\/03\/rab-trel-2-scaled.jpg?fit=1200%2C800&resize=350%2C200","width":350,"height":200,"srcset":"https:\/\/i0.wp.com\/trlika.com\/wp-content\/uploads\/2020\/03\/rab-trel-2-scaled.jpg?fit=1200%2C800&resize=350%2C200 1x, https:\/\/i0.wp.com\/trlika.com\/wp-content\/uploads\/2020\/03\/rab-trel-2-scaled.jpg?fit=1200%2C800&resize=525%2C300 1.5x, https:\/\/i0.wp.com\/trlika.com\/wp-content\/uploads\/2020\/03\/rab-trel-2-scaled.jpg?fit=1200%2C800&resize=700%2C400 2x, https:\/\/i0.wp.com\/trlika.com\/wp-content\/uploads\/2020\/03\/rab-trel-2-scaled.jpg?fit=1200%2C800&resize=1050%2C600 3x"},"classes":[]},{"id":652,"url":"http:\/\/trlika.com\/de\/kampor\/","url_meta":{"origin":361,"position":2},"title":"Kampor","author":"Ivica","date":"22. M\u00e4rz 2020.","format":false,"excerpt":"Kampor is rich with forests and many sandy, pebble and rocky beaches and bays. One of larger is sandy beach \"Veliki Mel\" in Kampor, that lays 200m from our house. There is also one of the most popular FKK beaches in the region named \"Kandalora\" or \"The English beach\" as\u2026","rel":"","context":"\u00c4hnlicher Beitrag","block_context":{"text":"\u00c4hnlicher Beitrag","link":""},"img":{"alt_text":"Kampor","src":"https:\/\/i0.wp.com\/trlika.com\/wp-content\/uploads\/2020\/03\/2aa4f79c-bb70-4c89-b04f-509a77a750d0_0.jpg?fit=1200%2C763&resize=350%2C200","width":350,"height":200,"srcset":"https:\/\/i0.wp.com\/trlika.com\/wp-content\/uploads\/2020\/03\/2aa4f79c-bb70-4c89-b04f-509a77a750d0_0.jpg?fit=1200%2C763&resize=350%2C200 1x, https:\/\/i0.wp.com\/trlika.com\/wp-content\/uploads\/2020\/03\/2aa4f79c-bb70-4c89-b04f-509a77a750d0_0.jpg?fit=1200%2C763&resize=525%2C300 1.5x, https:\/\/i0.wp.com\/trlika.com\/wp-content\/uploads\/2020\/03\/2aa4f79c-bb70-4c89-b04f-509a77a750d0_0.jpg?fit=1200%2C763&resize=700%2C400 2x, https:\/\/i0.wp.com\/trlika.com\/wp-content\/uploads\/2020\/03\/2aa4f79c-bb70-4c89-b04f-509a77a750d0_0.jpg?fit=1200%2C763&resize=1050%2C600 3x"},"classes":[]},{"id":368,"url":"http:\/\/trlika.com\/de\/special-offers\/","url_meta":{"origin":361,"position":3},"title":"Special Offers","author":"Ivica","date":"7. Juni 2017.","format":false,"excerpt":"Find your best offer","rel":"","context":"\u00c4hnlicher Beitrag","block_context":{"text":"\u00c4hnlicher Beitrag","link":""},"img":{"alt_text":"","src":"","width":0,"height":0},"classes":[]},{"id":39,"url":"http:\/\/trlika.com\/de\/hotel\/rooms\/","url_meta":{"origin":361,"position":4},"title":"Apartments","author":"Ivica","date":"16. Mai 2017.","format":false,"excerpt":"Buchen Sie die Wohnung f\u00fcr Ihren unvergesslichen Urlaub.","rel":"","context":"\u00c4hnlicher Beitrag","block_context":{"text":"\u00c4hnlicher Beitrag","link":""},"img":{"alt_text":"","src":"https:\/\/i0.wp.com\/trlika.com\/wp-content\/uploads\/2022\/03\/IMG_4524.jpg?fit=1200%2C1200&resize=350%2C200","width":350,"height":200,"srcset":"https:\/\/i0.wp.com\/trlika.com\/wp-content\/uploads\/2022\/03\/IMG_4524.jpg?fit=1200%2C1200&resize=350%2C200 1x, https:\/\/i0.wp.com\/trlika.com\/wp-content\/uploads\/2022\/03\/IMG_4524.jpg?fit=1200%2C1200&resize=525%2C300 1.5x, https:\/\/i0.wp.com\/trlika.com\/wp-content\/uploads\/2022\/03\/IMG_4524.jpg?fit=1200%2C1200&resize=700%2C400 2x, https:\/\/i0.wp.com\/trlika.com\/wp-content\/uploads\/2022\/03\/IMG_4524.jpg?fit=1200%2C1200&resize=1050%2C600 3x"},"classes":[]},{"id":67,"url":"http:\/\/trlika.com\/de\/hotel\/rab-island\/beaches\/","url_meta":{"origin":361,"position":5},"title":"Str\u00e4nde","author":"Ivica","date":"16. Mai 2017.","format":false,"excerpt":"The island offers beaches to fit everyone\u2019s taste","rel":"","context":"\u00c4hnlicher Beitrag","block_context":{"text":"\u00c4hnlicher Beitrag","link":""},"img":{"alt_text":"","src":"https:\/\/i0.wp.com\/trlika.com\/wp-content\/uploads\/2020\/03\/Rab-Kalifront-Sv-Mara.jpg?fit=1200%2C801&resize=350%2C200","width":350,"height":200,"srcset":"https:\/\/i0.wp.com\/trlika.com\/wp-content\/uploads\/2020\/03\/Rab-Kalifront-Sv-Mara.jpg?fit=1200%2C801&resize=350%2C200 1x, https:\/\/i0.wp.com\/trlika.com\/wp-content\/uploads\/2020\/03\/Rab-Kalifront-Sv-Mara.jpg?fit=1200%2C801&resize=525%2C300 1.5x, https:\/\/i0.wp.com\/trlika.com\/wp-content\/uploads\/2020\/03\/Rab-Kalifront-Sv-Mara.jpg?fit=1200%2C801&resize=700%2C400 2x, https:\/\/i0.wp.com\/trlika.com\/wp-content\/uploads\/2020\/03\/Rab-Kalifront-Sv-Mara.jpg?fit=1200%2C801&resize=1050%2C600 3x"},"classes":[]}],"_links":{"self":[{"href":"http:\/\/trlika.com\/de\/wp-json\/wp\/v2\/pages\/361","targetHints":{"allow":["GET"]}}],"collection":[{"href":"http:\/\/trlika.com\/de\/wp-json\/wp\/v2\/pages"}],"about":[{"href":"http:\/\/trlika.com\/de\/wp-json\/wp\/v2\/types\/page"}],"author":[{"embeddable":true,"href":"http:\/\/trlika.com\/de\/wp-json\/wp\/v2\/users\/1"}],"replies":[{"embeddable":true,"href":"http:\/\/trlika.com\/de\/wp-json\/wp\/v2\/comments?post=361"}],"version-history":[{"count":27,"href":"http:\/\/trlika.com\/de\/wp-json\/wp\/v2\/pages\/361\/revisions"}],"predecessor-version":[{"id":14456,"href":"http:\/\/trlika.com\/de\/wp-json\/wp\/v2\/pages\/361\/revisions\/14456"}],"wp:featuredmedia":[{"embeddable":true,"href":"http:\/\/trlika.com\/de\/wp-json\/wp\/v2\/media\/9145"}],"wp:attachment":[{"href":"http:\/\/trlika.com\/de\/wp-json\/wp\/v2\/media?parent=361"}],"curies":[{"name":"wp","href":"https:\/\/api.w.org\/{rel}","templated":true}]}}