{"id":366,"date":"2017-06-07T19:31:44","date_gmt":"2017-06-07T19:31:44","guid":{"rendered":"http:\/\/themes.getmotopress.com\/oceanica\/?page_id=366"},"modified":"2020-03-21T13:40:29","modified_gmt":"2020-03-21T12:40:29","slug":"book-online","status":"publish","type":"page","link":"http:\/\/trlika.com\/de\/book-online\/","title":{"rendered":"Book Online"},"content":{"rendered":"<p>Specify your check-in and check-out dates and the number of people &#8211; fSend us your request,<\/p>\n<div class=\"mphb_sc_search-wrapper\">\n<form method=\"GET\" class=\"mphb_sc_search-form\" action=\"http:\/\/trlika.com\/de\/search-results\/\" data-first_available_check_in_date=\"2026-04-30\" data-trp-original-action=\"http:\/\/trlika.com\/de\/search-results\/\">\n\n\t<p class = \"mphb-required-fields-tip\">\n\t<small>\n\t\tErforderliche Felder werden gefolgt von\t\t<abbr title=\"required\">*<\/abbr>\n\t<\/small>\n<\/p>\n\n\t<p class=\"mphb_sc_search-check-in-date\">\n\t\t<label for=\"mphb_check_in_date-mphb-search-form-69f377fa3d815\">\n\t\t\tAnreise\t\t\t<abbr title=\"Formatiert als dd\/mm\/yyyy\">*<\/abbr>\n\t\t<\/label>\n\t\t<br \/>\n\t\t<input\n\t\t\tid=\"mphb_check_in_date-mphb-search-form-69f377fa3d815\"\n\t\t\tdata-datepick-group=\"mphb-search-form-69f377fa3d815\"\n\t\t\tvalue=\"\"\n\t\t\tplaceholder=\"Anreisedatum\"\n\t\t\trequired=\"required\"\n\t\t\ttype=\"text\"\n\t\t\tinputmode=\"none\"\n\t\t\tname=\"mphb_check_in_date\"\n\t\t\tclass=\"mphb-datepick\"\n\t\t\tautocomplete=\"off\"\n\t\t\t\/>\n\t<\/p>\n\n\t<p class=\"mphb_sc_search-check-out-date\">\n\t\t<label for=\"mphb_check_out_date-mphb-search-form-69f377fa3d815\">\n\t\t\tAbreise\t\t\t<abbr title=\"Formatiert als dd\/mm\/yyyy\">*<\/abbr>\n\t\t<\/label>\n\t\t<br \/>\n\t\t<input\n\t\t\tid=\"mphb_check_out_date-mphb-search-form-69f377fa3d815\"\n\t\t\tdata-datepick-group=\"mphb-search-form-69f377fa3d815\"\n\t\t\tvalue=\"\"\n\t\t\tplaceholder=\"Abreisedatum\"\n\t\t\trequired=\"required\"\n\t\t\ttype=\"text\"\n\t\t\tinputmode=\"none\"\n\t\t\tname=\"mphb_check_out_date\"\n\t\t\tclass=\"mphb-datepick\"\n\t\t\tautocomplete=\"off\"\n\t\t\t\/>\n\t<\/p>\n\n\t\t\t<p class=\"mphb_sc_search-adults\">\n\t\t\t<label for=\"mphb_adults-mphb-search-form-69f377fa3d815\">\n\t\t\t\tErwachsene\t\t\t<\/label>\n\t\t\t<br \/>\n\t\t\t<select id=\"mphb_adults-mphb-search-form-69f377fa3d815\" name=\"mphb_adults\" >\n\t\t\t\t\t\t\t\t\t<option value=\"1\"  selected='selected'>1<\/option>\n\t\t\t\t\t\t\t\t\t<option value=\"2\" >2<\/option>\n\t\t\t\t\t\t\t\t\t<option value=\"3\" >3<\/option>\n\t\t\t\t\t\t\t\t\t<option value=\"4\" >4<\/option>\n\t\t\t\t\t\t\t\t\t<option value=\"5\" >5<\/option>\n\t\t\t\t\t\t\t\t\t<option value=\"6\" >6<\/option>\n\t\t\t\t\t\t\t\t\t<option value=\"7\" >7<\/option>\n\t\t\t\t\t\t\t\t\t<option value=\"8\" >8<\/option>\n\t\t\t\t\t\t\t\t\t<option value=\"9\" >9<\/option>\n\t\t\t\t\t\t\t\t\t<option value=\"10\" >10<\/option>\n\t\t\t\t\t\t\t\t\t<option value=\"11\" >11<\/option>\n\t\t\t\t\t\t\t\t\t<option value=\"12\" >12<\/option>\n\t\t\t\t\t\t\t\t\t<option value=\"13\" >13<\/option>\n\t\t\t\t\t\t\t\t\t<option value=\"14\" >14<\/option>\n\t\t\t\t\t\t\t\t\t<option value=\"15\" >15<\/option>\n\t\t\t\t\t\t\t\t\t<option value=\"16\" >16<\/option>\n\t\t\t\t\t\t\t<\/select>\n\t\t<\/p>\n\t\n\t\t\t<p class=\"mphb_sc_search-children\">\n\t\t\t<label for=\"mphb_children-mphb-search-form-69f377fa3d815\">\n\t\t\t\tKinder\t\t\t<\/label>\n\t\t\t<br \/>\n\t\t\t<select id=\"mphb_children-mphb-search-form-69f377fa3d815\" name=\"mphb_children\">\n\t\t\t\t\t\t\t\t\t<option value=\"0\"  selected='selected'>0<\/option>\n\t\t\t\t\t\t\t\t\t<option value=\"1\" >1<\/option>\n\t\t\t\t\t\t\t\t\t<option value=\"2\" >2<\/option>\n\t\t\t\t\t\t\t\t\t<option value=\"3\" >3<\/option>\n\t\t\t\t\t\t\t\t\t<option value=\"4\" >4<\/option>\n\t\t\t\t\t\t\t\t\t<option value=\"5\" >5<\/option>\n\t\t\t\t\t\t\t\t\t<option value=\"6\" >6<\/option>\n\t\t\t\t\t\t\t\t\t<option value=\"7\" >7<\/option>\n\t\t\t\t\t\t\t\t\t<option value=\"8\" >8<\/option>\n\t\t\t\t\t\t\t\t\t<option value=\"9\" >9<\/option>\n\t\t\t\t\t\t\t\t\t<option value=\"10\" >10<\/option>\n\t\t\t\t\t\t\t<\/select>\n\t\t<\/p>\n\t\n\t\n\t\n\t<input id=\"mphb_check_in_date-mphb-search-form-69f377fa3d815-hidden\" value=\"\" type=\"hidden\" name=\"mphb_check_in_date\" \/><input id=\"mphb_check_out_date-mphb-search-form-69f377fa3d815-hidden\" value=\"\" type=\"hidden\" name=\"mphb_check_out_date\" \/>\n\t<p class=\"mphb_sc_search-submit-button-wrapper\">\n\t\t<input type=\"submit\" class=\"button\" value=\"Suche\"\/>\n\t<\/p>\n\n\t\n<input type=\"hidden\" name=\"trp-form-language\" value=\"de\"\/><\/form>\n<\/div>\n\n\n<p><\/p>","protected":false},"excerpt":{"rendered":"<p>Send your request<\/p>","protected":false},"author":1,"featured_media":0,"parent":0,"menu_order":0,"comment_status":"closed","ping_status":"closed","template":"template-full-width-page.php","meta":{"jetpack_post_was_ever_published":false,"footnotes":""},"class_list":["post-366","page","type-page","status-publish","hentry"],"jetpack_sharing_enabled":true,"jetpack_shortlink":"https:\/\/wp.me\/PbRaJk-5U","jetpack-related-posts":[{"id":1235,"url":"http:\/\/trlika.com\/de\/gdpr\/","url_meta":{"origin":366,"position":0},"title":"GDPR","author":"Ivica","date":"28. M\u00e4rz 2020.","format":false,"excerpt":"General Data Protection Regulation","rel":"","context":"\u00c4hnlicher Beitrag","block_context":{"text":"\u00c4hnlicher Beitrag","link":""},"img":{"alt_text":"","src":"https:\/\/i0.wp.com\/trlika.com\/wp-content\/uploads\/2020\/03\/Mg-Oldtimers-64.jpg?fit=1200%2C800&resize=350%2C200","width":350,"height":200,"srcset":"https:\/\/i0.wp.com\/trlika.com\/wp-content\/uploads\/2020\/03\/Mg-Oldtimers-64.jpg?fit=1200%2C800&resize=350%2C200 1x, https:\/\/i0.wp.com\/trlika.com\/wp-content\/uploads\/2020\/03\/Mg-Oldtimers-64.jpg?fit=1200%2C800&resize=525%2C300 1.5x, https:\/\/i0.wp.com\/trlika.com\/wp-content\/uploads\/2020\/03\/Mg-Oldtimers-64.jpg?fit=1200%2C800&resize=700%2C400 2x, https:\/\/i0.wp.com\/trlika.com\/wp-content\/uploads\/2020\/03\/Mg-Oldtimers-64.jpg?fit=1200%2C800&resize=1050%2C600 3x"},"classes":[]},{"id":841,"url":"http:\/\/trlika.com\/de\/the-blue-line-apartment\/","url_meta":{"origin":366,"position":1},"title":"The Blue Line Apartment","author":"Ivica","date":"24. M\u00e4rz 2020.","format":false,"excerpt":"Sch\u00f6ne, gem\u00fctliche und komfortable Wohnung f\u00fcr zwei oder f\u00fcr eine Familie mit kleinen Kindern.","rel":"","context":"\u00c4hnlicher Beitrag","block_context":{"text":"\u00c4hnlicher Beitrag","link":""},"img":{"alt_text":"","src":"https:\/\/i0.wp.com\/trlika.com\/wp-content\/uploads\/2020\/03\/IMG_4315-scaled.jpg?fit=1200%2C900&resize=350%2C200","width":350,"height":200,"srcset":"https:\/\/i0.wp.com\/trlika.com\/wp-content\/uploads\/2020\/03\/IMG_4315-scaled.jpg?fit=1200%2C900&resize=350%2C200 1x, https:\/\/i0.wp.com\/trlika.com\/wp-content\/uploads\/2020\/03\/IMG_4315-scaled.jpg?fit=1200%2C900&resize=525%2C300 1.5x, https:\/\/i0.wp.com\/trlika.com\/wp-content\/uploads\/2020\/03\/IMG_4315-scaled.jpg?fit=1200%2C900&resize=700%2C400 2x, https:\/\/i0.wp.com\/trlika.com\/wp-content\/uploads\/2020\/03\/IMG_4315-scaled.jpg?fit=1200%2C900&resize=1050%2C600 3x"},"classes":[]},{"id":978,"url":"http:\/\/trlika.com\/de\/the-big-family-apartment\/","url_meta":{"origin":366,"position":2},"title":"The Big Family Apartment","author":"Ivica","date":"24. M\u00e4rz 2020.","format":false,"excerpt":"Gro\u00dfe und komfortable Wohnung f\u00fcr eine gro\u00dfe Familie oder eine Gruppe von Freunden.","rel":"","context":"\u00c4hnlicher Beitrag","block_context":{"text":"\u00c4hnlicher Beitrag","link":""},"img":{"alt_text":"","src":"https:\/\/i0.wp.com\/trlika.com\/wp-content\/uploads\/2024\/07\/IMG_3070.jpeg?fit=1200%2C900&resize=350%2C200","width":350,"height":200,"srcset":"https:\/\/i0.wp.com\/trlika.com\/wp-content\/uploads\/2024\/07\/IMG_3070.jpeg?fit=1200%2C900&resize=350%2C200 1x, https:\/\/i0.wp.com\/trlika.com\/wp-content\/uploads\/2024\/07\/IMG_3070.jpeg?fit=1200%2C900&resize=525%2C300 1.5x, https:\/\/i0.wp.com\/trlika.com\/wp-content\/uploads\/2024\/07\/IMG_3070.jpeg?fit=1200%2C900&resize=700%2C400 2x, https:\/\/i0.wp.com\/trlika.com\/wp-content\/uploads\/2024\/07\/IMG_3070.jpeg?fit=1200%2C900&resize=1050%2C600 3x"},"classes":[]},{"id":1105,"url":"http:\/\/trlika.com\/de\/terms-and-conditions\/","url_meta":{"origin":366,"position":3},"title":"Terms and conditions","author":"Ivica","date":"26. M\u00e4rz 2020.","format":false,"excerpt":"Bank account:Name and surname:\u00a0IVICA MIKELICAddress:\u00a0Kampor 203, 51280 Rab, CroatiaIBAN: HR0324020063101456343Bank: Erste & Steierm\u00e4rkische Bank, Jadranski trg 3a, 51000 Rijeka, CroatiaSWIFT: ESBCHR22 Bank fees and money transfer costs should be paid by sending party.In case more guests arrive than was registered upon reservation, we reserve the right to deny accommodation to\u2026","rel":"","context":"\u00c4hnlicher Beitrag","block_context":{"text":"\u00c4hnlicher Beitrag","link":""},"img":{"alt_text":"","src":"https:\/\/i0.wp.com\/trlika.com\/wp-content\/uploads\/2020\/03\/rab-sziget-kepek-13-1.jpg?fit=1200%2C799&resize=350%2C200","width":350,"height":200,"srcset":"https:\/\/i0.wp.com\/trlika.com\/wp-content\/uploads\/2020\/03\/rab-sziget-kepek-13-1.jpg?fit=1200%2C799&resize=350%2C200 1x, https:\/\/i0.wp.com\/trlika.com\/wp-content\/uploads\/2020\/03\/rab-sziget-kepek-13-1.jpg?fit=1200%2C799&resize=525%2C300 1.5x, https:\/\/i0.wp.com\/trlika.com\/wp-content\/uploads\/2020\/03\/rab-sziget-kepek-13-1.jpg?fit=1200%2C799&resize=700%2C400 2x, https:\/\/i0.wp.com\/trlika.com\/wp-content\/uploads\/2020\/03\/rab-sziget-kepek-13-1.jpg?fit=1200%2C799&resize=1050%2C600 3x"},"classes":[]},{"id":383,"url":"http:\/\/trlika.com\/de\/special-offers\/romantic-weekend\/","url_meta":{"origin":366,"position":4},"title":"Romantic Weekend","author":"Ivica","date":"8. Juni 2017.","format":false,"excerpt":"two special days of romance","rel":"","context":"\u00c4hnlicher Beitrag","block_context":{"text":"\u00c4hnlicher Beitrag","link":""},"img":{"alt_text":"","src":"","width":0,"height":0},"classes":[]},{"id":117,"url":"http:\/\/trlika.com\/de\/hotel\/rab-island\/activities\/","url_meta":{"origin":366,"position":5},"title":"Aktivit\u00e4ten","author":"Ivica","date":"16. Mai 2017.","format":false,"excerpt":"Make your holidays unforgettable...","rel":"","context":"\u00c4hnlicher Beitrag","block_context":{"text":"\u00c4hnlicher Beitrag","link":""},"img":{"alt_text":"","src":"https:\/\/i0.wp.com\/trlika.com\/wp-content\/uploads\/2020\/03\/Planinarenje.jpg?fit=720%2C425&resize=350%2C200","width":350,"height":200,"srcset":"https:\/\/i0.wp.com\/trlika.com\/wp-content\/uploads\/2020\/03\/Planinarenje.jpg?fit=720%2C425&resize=350%2C200 1x, https:\/\/i0.wp.com\/trlika.com\/wp-content\/uploads\/2020\/03\/Planinarenje.jpg?fit=720%2C425&resize=525%2C300 1.5x, https:\/\/i0.wp.com\/trlika.com\/wp-content\/uploads\/2020\/03\/Planinarenje.jpg?fit=720%2C425&resize=700%2C400 2x"},"classes":[]}],"_links":{"self":[{"href":"http:\/\/trlika.com\/de\/wp-json\/wp\/v2\/pages\/366","targetHints":{"allow":["GET"]}}],"collection":[{"href":"http:\/\/trlika.com\/de\/wp-json\/wp\/v2\/pages"}],"about":[{"href":"http:\/\/trlika.com\/de\/wp-json\/wp\/v2\/types\/page"}],"author":[{"embeddable":true,"href":"http:\/\/trlika.com\/de\/wp-json\/wp\/v2\/users\/1"}],"replies":[{"embeddable":true,"href":"http:\/\/trlika.com\/de\/wp-json\/wp\/v2\/comments?post=366"}],"version-history":[{"count":2,"href":"http:\/\/trlika.com\/de\/wp-json\/wp\/v2\/pages\/366\/revisions"}],"predecessor-version":[{"id":592,"href":"http:\/\/trlika.com\/de\/wp-json\/wp\/v2\/pages\/366\/revisions\/592"}],"wp:attachment":[{"href":"http:\/\/trlika.com\/de\/wp-json\/wp\/v2\/media?parent=366"}],"curies":[{"name":"wp","href":"https:\/\/api.w.org\/{rel}","templated":true}]}}