{"id":388,"date":"2017-06-08T08:17:11","date_gmt":"2017-06-08T08:17:11","guid":{"rendered":"http:\/\/themes.getmotopress.com\/oceanica\/?page_id=388"},"modified":"2017-06-08T08:17:11","modified_gmt":"2017-06-08T08:17:11","slug":"business-offer","status":"publish","type":"page","link":"http:\/\/trlika.com\/de\/special-offers\/business-offer\/","title":{"rendered":"Business Offer"},"content":{"rendered":"<p>If you are traveling in business, we can easily find you the best way to reserve rooms for a corporate traveling &#8211; we can help you find best prices and rooms for a group trips. Just let us know beforehand when are you going to arrive and how many days to spend &#8211; we&#8217;ll make sure you are supplied with the best conditions. You&#8217;ll see that rest and work are not the opposite things!<\/p>","protected":false},"excerpt":{"rendered":"<p>Business offer for corporate trips<\/p>","protected":false},"author":1,"featured_media":0,"parent":368,"menu_order":0,"comment_status":"closed","ping_status":"closed","template":"template-full-width-page.php","meta":{"jetpack_post_was_ever_published":false,"footnotes":""},"class_list":["post-388","page","type-page","status-publish","hentry"],"jetpack_sharing_enabled":true,"jetpack_shortlink":"https:\/\/wp.me\/PbRaJk-6g","jetpack-related-posts":[{"id":117,"url":"http:\/\/trlika.com\/de\/hotel\/rab-island\/activities\/","url_meta":{"origin":388,"position":0},"title":"Aktivit\u00e4ten","author":"Ivica","date":"16. Mai 2017.","format":false,"excerpt":"Make your holidays unforgettable...","rel":"","context":"\u00c4hnlicher Beitrag","block_context":{"text":"\u00c4hnlicher Beitrag","link":""},"img":{"alt_text":"","src":"https:\/\/i0.wp.com\/trlika.com\/wp-content\/uploads\/2020\/03\/Planinarenje.jpg?fit=720%2C425&resize=350%2C200","width":350,"height":200,"srcset":"https:\/\/i0.wp.com\/trlika.com\/wp-content\/uploads\/2020\/03\/Planinarenje.jpg?fit=720%2C425&resize=350%2C200 1x, https:\/\/i0.wp.com\/trlika.com\/wp-content\/uploads\/2020\/03\/Planinarenje.jpg?fit=720%2C425&resize=525%2C300 1.5x, https:\/\/i0.wp.com\/trlika.com\/wp-content\/uploads\/2020\/03\/Planinarenje.jpg?fit=720%2C425&resize=700%2C400 2x"},"classes":[]},{"id":368,"url":"http:\/\/trlika.com\/de\/special-offers\/","url_meta":{"origin":388,"position":1},"title":"Special Offers","author":"Ivica","date":"7. Juni 2017.","format":false,"excerpt":"Find your best offer","rel":"","context":"\u00c4hnlicher Beitrag","block_context":{"text":"\u00c4hnlicher Beitrag","link":""},"img":{"alt_text":"","src":"","width":0,"height":0},"classes":[]},{"id":39,"url":"http:\/\/trlika.com\/de\/hotel\/rooms\/","url_meta":{"origin":388,"position":2},"title":"Apartments","author":"Ivica","date":"16. Mai 2017.","format":false,"excerpt":"Buchen Sie die Wohnung f\u00fcr Ihren unvergesslichen Urlaub.","rel":"","context":"\u00c4hnlicher Beitrag","block_context":{"text":"\u00c4hnlicher Beitrag","link":""},"img":{"alt_text":"","src":"https:\/\/i0.wp.com\/trlika.com\/wp-content\/uploads\/2022\/03\/IMG_4524.jpg?fit=1200%2C1200&resize=350%2C200","width":350,"height":200,"srcset":"https:\/\/i0.wp.com\/trlika.com\/wp-content\/uploads\/2022\/03\/IMG_4524.jpg?fit=1200%2C1200&resize=350%2C200 1x, https:\/\/i0.wp.com\/trlika.com\/wp-content\/uploads\/2022\/03\/IMG_4524.jpg?fit=1200%2C1200&resize=525%2C300 1.5x, https:\/\/i0.wp.com\/trlika.com\/wp-content\/uploads\/2022\/03\/IMG_4524.jpg?fit=1200%2C1200&resize=700%2C400 2x, https:\/\/i0.wp.com\/trlika.com\/wp-content\/uploads\/2022\/03\/IMG_4524.jpg?fit=1200%2C1200&resize=1050%2C600 3x"},"classes":[]},{"id":115,"url":"http:\/\/trlika.com\/de\/hotel\/rab-island\/culture\/","url_meta":{"origin":388,"position":3},"title":"Kultur","author":"Ivica","date":"16. Mai 2017.","format":false,"excerpt":"\u201ca strange medieval town, closer to reminiscence than reality...\"","rel":"","context":"\u00c4hnlicher Beitrag","block_context":{"text":"\u00c4hnlicher Beitrag","link":""},"img":{"alt_text":"","src":"https:\/\/i0.wp.com\/trlika.com\/wp-content\/uploads\/2020\/03\/rabrfge-1.jpg?fit=1200%2C480&resize=350%2C200","width":350,"height":200,"srcset":"https:\/\/i0.wp.com\/trlika.com\/wp-content\/uploads\/2020\/03\/rabrfge-1.jpg?fit=1200%2C480&resize=350%2C200 1x, https:\/\/i0.wp.com\/trlika.com\/wp-content\/uploads\/2020\/03\/rabrfge-1.jpg?fit=1200%2C480&resize=525%2C300 1.5x, https:\/\/i0.wp.com\/trlika.com\/wp-content\/uploads\/2020\/03\/rabrfge-1.jpg?fit=1200%2C480&resize=700%2C400 2x, https:\/\/i0.wp.com\/trlika.com\/wp-content\/uploads\/2020\/03\/rabrfge-1.jpg?fit=1200%2C480&resize=1050%2C600 3x"},"classes":[]},{"id":383,"url":"http:\/\/trlika.com\/de\/special-offers\/romantic-weekend\/","url_meta":{"origin":388,"position":4},"title":"Romantic Weekend","author":"Ivica","date":"8. Juni 2017.","format":false,"excerpt":"two special days of romance","rel":"","context":"\u00c4hnlicher Beitrag","block_context":{"text":"\u00c4hnlicher Beitrag","link":""},"img":{"alt_text":"","src":"","width":0,"height":0},"classes":[]},{"id":67,"url":"http:\/\/trlika.com\/de\/hotel\/rab-island\/beaches\/","url_meta":{"origin":388,"position":5},"title":"Str\u00e4nde","author":"Ivica","date":"16. Mai 2017.","format":false,"excerpt":"The island offers beaches to fit everyone\u2019s taste","rel":"","context":"\u00c4hnlicher Beitrag","block_context":{"text":"\u00c4hnlicher Beitrag","link":""},"img":{"alt_text":"","src":"https:\/\/i0.wp.com\/trlika.com\/wp-content\/uploads\/2020\/03\/Rab-Kalifront-Sv-Mara.jpg?fit=1200%2C801&resize=350%2C200","width":350,"height":200,"srcset":"https:\/\/i0.wp.com\/trlika.com\/wp-content\/uploads\/2020\/03\/Rab-Kalifront-Sv-Mara.jpg?fit=1200%2C801&resize=350%2C200 1x, https:\/\/i0.wp.com\/trlika.com\/wp-content\/uploads\/2020\/03\/Rab-Kalifront-Sv-Mara.jpg?fit=1200%2C801&resize=525%2C300 1.5x, https:\/\/i0.wp.com\/trlika.com\/wp-content\/uploads\/2020\/03\/Rab-Kalifront-Sv-Mara.jpg?fit=1200%2C801&resize=700%2C400 2x, https:\/\/i0.wp.com\/trlika.com\/wp-content\/uploads\/2020\/03\/Rab-Kalifront-Sv-Mara.jpg?fit=1200%2C801&resize=1050%2C600 3x"},"classes":[]}],"_links":{"self":[{"href":"http:\/\/trlika.com\/de\/wp-json\/wp\/v2\/pages\/388","targetHints":{"allow":["GET"]}}],"collection":[{"href":"http:\/\/trlika.com\/de\/wp-json\/wp\/v2\/pages"}],"about":[{"href":"http:\/\/trlika.com\/de\/wp-json\/wp\/v2\/types\/page"}],"author":[{"embeddable":true,"href":"http:\/\/trlika.com\/de\/wp-json\/wp\/v2\/users\/1"}],"replies":[{"embeddable":true,"href":"http:\/\/trlika.com\/de\/wp-json\/wp\/v2\/comments?post=388"}],"version-history":[{"count":0,"href":"http:\/\/trlika.com\/de\/wp-json\/wp\/v2\/pages\/388\/revisions"}],"up":[{"embeddable":true,"href":"http:\/\/trlika.com\/de\/wp-json\/wp\/v2\/pages\/368"}],"wp:attachment":[{"href":"http:\/\/trlika.com\/de\/wp-json\/wp\/v2\/media?parent=388"}],"curies":[{"name":"wp","href":"https:\/\/api.w.org\/{rel}","templated":true}]}}