{"id":405,"date":"2017-06-21T13:42:11","date_gmt":"2017-06-21T13:42:11","guid":{"rendered":"http:\/\/themes.getmotopress.com\/oceanica\/?page_id=405"},"modified":"2017-06-21T13:42:11","modified_gmt":"2017-06-21T13:42:11","slug":"payment-success-page","status":"publish","type":"page","link":"http:\/\/trlika.com\/de\/booking-confirmation\/payment-success-page\/","title":{"rendered":"Payment Success Page"},"content":{"rendered":"<p>Thank you for your payment. Your transaction has been completed, and a receipt for your purchase has been emailed to you.<\/p>","protected":false},"excerpt":{"rendered":"<p>Thank you for your payment. Your transaction has been completed, and a receipt for your purchase has been emailed to you.<\/p>","protected":false},"author":1,"featured_media":0,"parent":60,"menu_order":0,"comment_status":"closed","ping_status":"closed","template":"","meta":{"jetpack_post_was_ever_published":false,"footnotes":""},"class_list":["post-405","page","type-page","status-publish","hentry"],"jetpack_sharing_enabled":true,"jetpack_shortlink":"https:\/\/wp.me\/PbRaJk-6x","jetpack-related-posts":[{"id":1105,"url":"http:\/\/trlika.com\/de\/terms-and-conditions\/","url_meta":{"origin":405,"position":0},"title":"Terms and conditions","author":"Ivica","date":"26. M\u00e4rz 2020.","format":false,"excerpt":"Bank account:Name and surname:\u00a0IVICA MIKELICAddress:\u00a0Kampor 203, 51280 Rab, CroatiaIBAN: HR0324020063101456343Bank: Erste & Steierm\u00e4rkische Bank, Jadranski trg 3a, 51000 Rijeka, CroatiaSWIFT: ESBCHR22 Bank fees and money transfer costs should be paid by sending party.In case more guests arrive than was registered upon reservation, we reserve the right to deny accommodation to\u2026","rel":"","context":"\u00c4hnlicher Beitrag","block_context":{"text":"\u00c4hnlicher Beitrag","link":""},"img":{"alt_text":"","src":"https:\/\/i0.wp.com\/trlika.com\/wp-content\/uploads\/2020\/03\/rab-sziget-kepek-13-1.jpg?fit=1200%2C799&resize=350%2C200","width":350,"height":200,"srcset":"https:\/\/i0.wp.com\/trlika.com\/wp-content\/uploads\/2020\/03\/rab-sziget-kepek-13-1.jpg?fit=1200%2C799&resize=350%2C200 1x, https:\/\/i0.wp.com\/trlika.com\/wp-content\/uploads\/2020\/03\/rab-sziget-kepek-13-1.jpg?fit=1200%2C799&resize=525%2C300 1.5x, https:\/\/i0.wp.com\/trlika.com\/wp-content\/uploads\/2020\/03\/rab-sziget-kepek-13-1.jpg?fit=1200%2C799&resize=700%2C400 2x, https:\/\/i0.wp.com\/trlika.com\/wp-content\/uploads\/2020\/03\/rab-sziget-kepek-13-1.jpg?fit=1200%2C799&resize=1050%2C600 3x"},"classes":[]},{"id":117,"url":"http:\/\/trlika.com\/de\/hotel\/rab-island\/activities\/","url_meta":{"origin":405,"position":1},"title":"Aktivit\u00e4ten","author":"Ivica","date":"16. Mai 2017.","format":false,"excerpt":"Make your holidays unforgettable...","rel":"","context":"\u00c4hnlicher Beitrag","block_context":{"text":"\u00c4hnlicher Beitrag","link":""},"img":{"alt_text":"","src":"https:\/\/i0.wp.com\/trlika.com\/wp-content\/uploads\/2020\/03\/Planinarenje.jpg?fit=720%2C425&resize=350%2C200","width":350,"height":200,"srcset":"https:\/\/i0.wp.com\/trlika.com\/wp-content\/uploads\/2020\/03\/Planinarenje.jpg?fit=720%2C425&resize=350%2C200 1x, https:\/\/i0.wp.com\/trlika.com\/wp-content\/uploads\/2020\/03\/Planinarenje.jpg?fit=720%2C425&resize=525%2C300 1.5x, https:\/\/i0.wp.com\/trlika.com\/wp-content\/uploads\/2020\/03\/Planinarenje.jpg?fit=720%2C425&resize=700%2C400 2x"},"classes":[]},{"id":1235,"url":"http:\/\/trlika.com\/de\/gdpr\/","url_meta":{"origin":405,"position":2},"title":"GDPR","author":"Ivica","date":"28. M\u00e4rz 2020.","format":false,"excerpt":"General Data Protection Regulation","rel":"","context":"\u00c4hnlicher Beitrag","block_context":{"text":"\u00c4hnlicher Beitrag","link":""},"img":{"alt_text":"","src":"https:\/\/i0.wp.com\/trlika.com\/wp-content\/uploads\/2020\/03\/Mg-Oldtimers-64.jpg?fit=1200%2C800&resize=350%2C200","width":350,"height":200,"srcset":"https:\/\/i0.wp.com\/trlika.com\/wp-content\/uploads\/2020\/03\/Mg-Oldtimers-64.jpg?fit=1200%2C800&resize=350%2C200 1x, https:\/\/i0.wp.com\/trlika.com\/wp-content\/uploads\/2020\/03\/Mg-Oldtimers-64.jpg?fit=1200%2C800&resize=525%2C300 1.5x, https:\/\/i0.wp.com\/trlika.com\/wp-content\/uploads\/2020\/03\/Mg-Oldtimers-64.jpg?fit=1200%2C800&resize=700%2C400 2x, https:\/\/i0.wp.com\/trlika.com\/wp-content\/uploads\/2020\/03\/Mg-Oldtimers-64.jpg?fit=1200%2C800&resize=1050%2C600 3x"},"classes":[]},{"id":372,"url":"http:\/\/trlika.com\/de\/special-offers\/members-rate\/","url_meta":{"origin":405,"position":3},"title":"Members&#8217; Rate","author":"Ivica","date":"7. Juni 2017.","format":false,"excerpt":"The lowest price for members","rel":"","context":"\u00c4hnlicher Beitrag","block_context":{"text":"\u00c4hnlicher Beitrag","link":""},"img":{"alt_text":"View from Mel beach","src":"https:\/\/i0.wp.com\/trlika.com\/wp-content\/uploads\/2020\/03\/IMG_2050-613635960-1584528607829.jpg?fit=1200%2C829&resize=350%2C200","width":350,"height":200,"srcset":"https:\/\/i0.wp.com\/trlika.com\/wp-content\/uploads\/2020\/03\/IMG_2050-613635960-1584528607829.jpg?fit=1200%2C829&resize=350%2C200 1x, https:\/\/i0.wp.com\/trlika.com\/wp-content\/uploads\/2020\/03\/IMG_2050-613635960-1584528607829.jpg?fit=1200%2C829&resize=525%2C300 1.5x, https:\/\/i0.wp.com\/trlika.com\/wp-content\/uploads\/2020\/03\/IMG_2050-613635960-1584528607829.jpg?fit=1200%2C829&resize=700%2C400 2x, https:\/\/i0.wp.com\/trlika.com\/wp-content\/uploads\/2020\/03\/IMG_2050-613635960-1584528607829.jpg?fit=1200%2C829&resize=1050%2C600 3x"},"classes":[]},{"id":361,"url":"http:\/\/trlika.com\/de\/","url_meta":{"origin":405,"position":4},"title":"Willkommen in Trlika Apartments","author":"Ivica","date":"16. Mai 2017.","format":false,"excerpt":"Your home on the island","rel":"","context":"\u00c4hnlicher Beitrag","block_context":{"text":"\u00c4hnlicher Beitrag","link":""},"img":{"alt_text":"Apartments Trlika","src":"https:\/\/i0.wp.com\/trlika.com\/wp-content\/uploads\/2022\/02\/kuca1-1-scaled.jpg?fit=1200%2C675&resize=350%2C200","width":350,"height":200,"srcset":"https:\/\/i0.wp.com\/trlika.com\/wp-content\/uploads\/2022\/02\/kuca1-1-scaled.jpg?fit=1200%2C675&resize=350%2C200 1x, https:\/\/i0.wp.com\/trlika.com\/wp-content\/uploads\/2022\/02\/kuca1-1-scaled.jpg?fit=1200%2C675&resize=525%2C300 1.5x, https:\/\/i0.wp.com\/trlika.com\/wp-content\/uploads\/2022\/02\/kuca1-1-scaled.jpg?fit=1200%2C675&resize=700%2C400 2x, https:\/\/i0.wp.com\/trlika.com\/wp-content\/uploads\/2022\/02\/kuca1-1-scaled.jpg?fit=1200%2C675&resize=1050%2C600 3x"},"classes":[]},{"id":383,"url":"http:\/\/trlika.com\/de\/special-offers\/romantic-weekend\/","url_meta":{"origin":405,"position":5},"title":"Romantic Weekend","author":"Ivica","date":"8. Juni 2017.","format":false,"excerpt":"two special days of romance","rel":"","context":"\u00c4hnlicher Beitrag","block_context":{"text":"\u00c4hnlicher Beitrag","link":""},"img":{"alt_text":"","src":"","width":0,"height":0},"classes":[]}],"_links":{"self":[{"href":"http:\/\/trlika.com\/de\/wp-json\/wp\/v2\/pages\/405","targetHints":{"allow":["GET"]}}],"collection":[{"href":"http:\/\/trlika.com\/de\/wp-json\/wp\/v2\/pages"}],"about":[{"href":"http:\/\/trlika.com\/de\/wp-json\/wp\/v2\/types\/page"}],"author":[{"embeddable":true,"href":"http:\/\/trlika.com\/de\/wp-json\/wp\/v2\/users\/1"}],"replies":[{"embeddable":true,"href":"http:\/\/trlika.com\/de\/wp-json\/wp\/v2\/comments?post=405"}],"version-history":[{"count":0,"href":"http:\/\/trlika.com\/de\/wp-json\/wp\/v2\/pages\/405\/revisions"}],"up":[{"embeddable":true,"href":"http:\/\/trlika.com\/de\/wp-json\/wp\/v2\/pages\/60"}],"wp:attachment":[{"href":"http:\/\/trlika.com\/de\/wp-json\/wp\/v2\/media?parent=405"}],"curies":[{"name":"wp","href":"https:\/\/api.w.org\/{rel}","templated":true}]}}