{"id":408,"date":"2017-06-21T13:42:32","date_gmt":"2017-06-21T13:42:32","guid":{"rendered":"http:\/\/themes.getmotopress.com\/oceanica\/?page_id=408"},"modified":"2017-06-21T13:42:32","modified_gmt":"2017-06-21T13:42:32","slug":"failed-transaction-page","status":"publish","type":"page","link":"http:\/\/trlika.com\/de\/booking-confirmation\/failed-transaction-page\/","title":{"rendered":"Failed Transaction Page"},"content":{"rendered":"<p>Unfortunately, your transaction can&#8217;t be completed at this time. Please try again or contact us.<\/p>","protected":false},"excerpt":{"rendered":"<p>Unfortunately, your transaction can&#8217;t be completed at this time. Please try again or contact us.<\/p>","protected":false},"author":1,"featured_media":0,"parent":60,"menu_order":0,"comment_status":"closed","ping_status":"closed","template":"","meta":{"jetpack_post_was_ever_published":false,"footnotes":""},"class_list":["post-408","page","type-page","status-publish","hentry"],"jetpack_sharing_enabled":true,"jetpack_shortlink":"https:\/\/wp.me\/PbRaJk-6A","jetpack-related-posts":[{"id":361,"url":"http:\/\/trlika.com\/de\/","url_meta":{"origin":408,"position":0},"title":"Willkommen in Trlika Apartments","author":"Ivica","date":"16. Mai 2017.","format":false,"excerpt":"Your home on the island","rel":"","context":"\u00c4hnlicher Beitrag","block_context":{"text":"\u00c4hnlicher Beitrag","link":""},"img":{"alt_text":"Apartments Trlika","src":"https:\/\/i0.wp.com\/trlika.com\/wp-content\/uploads\/2022\/02\/kuca1-1-scaled.jpg?fit=1200%2C675&resize=350%2C200","width":350,"height":200,"srcset":"https:\/\/i0.wp.com\/trlika.com\/wp-content\/uploads\/2022\/02\/kuca1-1-scaled.jpg?fit=1200%2C675&resize=350%2C200 1x, https:\/\/i0.wp.com\/trlika.com\/wp-content\/uploads\/2022\/02\/kuca1-1-scaled.jpg?fit=1200%2C675&resize=525%2C300 1.5x, https:\/\/i0.wp.com\/trlika.com\/wp-content\/uploads\/2022\/02\/kuca1-1-scaled.jpg?fit=1200%2C675&resize=700%2C400 2x, https:\/\/i0.wp.com\/trlika.com\/wp-content\/uploads\/2022\/02\/kuca1-1-scaled.jpg?fit=1200%2C675&resize=1050%2C600 3x"},"classes":[]},{"id":372,"url":"http:\/\/trlika.com\/de\/special-offers\/members-rate\/","url_meta":{"origin":408,"position":1},"title":"Members&#8217; Rate","author":"Ivica","date":"7. Juni 2017.","format":false,"excerpt":"The lowest price for members","rel":"","context":"\u00c4hnlicher Beitrag","block_context":{"text":"\u00c4hnlicher Beitrag","link":""},"img":{"alt_text":"View from Mel beach","src":"https:\/\/i0.wp.com\/trlika.com\/wp-content\/uploads\/2020\/03\/IMG_2050-613635960-1584528607829.jpg?fit=1200%2C829&resize=350%2C200","width":350,"height":200,"srcset":"https:\/\/i0.wp.com\/trlika.com\/wp-content\/uploads\/2020\/03\/IMG_2050-613635960-1584528607829.jpg?fit=1200%2C829&resize=350%2C200 1x, https:\/\/i0.wp.com\/trlika.com\/wp-content\/uploads\/2020\/03\/IMG_2050-613635960-1584528607829.jpg?fit=1200%2C829&resize=525%2C300 1.5x, https:\/\/i0.wp.com\/trlika.com\/wp-content\/uploads\/2020\/03\/IMG_2050-613635960-1584528607829.jpg?fit=1200%2C829&resize=700%2C400 2x, https:\/\/i0.wp.com\/trlika.com\/wp-content\/uploads\/2020\/03\/IMG_2050-613635960-1584528607829.jpg?fit=1200%2C829&resize=1050%2C600 3x"},"classes":[]},{"id":1235,"url":"http:\/\/trlika.com\/de\/gdpr\/","url_meta":{"origin":408,"position":2},"title":"GDPR","author":"Ivica","date":"28. M\u00e4rz 2020.","format":false,"excerpt":"General Data Protection Regulation","rel":"","context":"\u00c4hnlicher Beitrag","block_context":{"text":"\u00c4hnlicher Beitrag","link":""},"img":{"alt_text":"","src":"https:\/\/i0.wp.com\/trlika.com\/wp-content\/uploads\/2020\/03\/Mg-Oldtimers-64.jpg?fit=1200%2C800&resize=350%2C200","width":350,"height":200,"srcset":"https:\/\/i0.wp.com\/trlika.com\/wp-content\/uploads\/2020\/03\/Mg-Oldtimers-64.jpg?fit=1200%2C800&resize=350%2C200 1x, https:\/\/i0.wp.com\/trlika.com\/wp-content\/uploads\/2020\/03\/Mg-Oldtimers-64.jpg?fit=1200%2C800&resize=525%2C300 1.5x, https:\/\/i0.wp.com\/trlika.com\/wp-content\/uploads\/2020\/03\/Mg-Oldtimers-64.jpg?fit=1200%2C800&resize=700%2C400 2x, https:\/\/i0.wp.com\/trlika.com\/wp-content\/uploads\/2020\/03\/Mg-Oldtimers-64.jpg?fit=1200%2C800&resize=1050%2C600 3x"},"classes":[]},{"id":841,"url":"http:\/\/trlika.com\/de\/the-blue-line-apartment\/","url_meta":{"origin":408,"position":3},"title":"The Blue Line Apartment","author":"Ivica","date":"24. M\u00e4rz 2020.","format":false,"excerpt":"Sch\u00f6ne, gem\u00fctliche und komfortable Wohnung f\u00fcr zwei oder f\u00fcr eine Familie mit kleinen Kindern.","rel":"","context":"\u00c4hnlicher Beitrag","block_context":{"text":"\u00c4hnlicher Beitrag","link":""},"img":{"alt_text":"","src":"https:\/\/i0.wp.com\/trlika.com\/wp-content\/uploads\/2020\/03\/IMG_4315-scaled.jpg?fit=1200%2C900&resize=350%2C200","width":350,"height":200,"srcset":"https:\/\/i0.wp.com\/trlika.com\/wp-content\/uploads\/2020\/03\/IMG_4315-scaled.jpg?fit=1200%2C900&resize=350%2C200 1x, https:\/\/i0.wp.com\/trlika.com\/wp-content\/uploads\/2020\/03\/IMG_4315-scaled.jpg?fit=1200%2C900&resize=525%2C300 1.5x, https:\/\/i0.wp.com\/trlika.com\/wp-content\/uploads\/2020\/03\/IMG_4315-scaled.jpg?fit=1200%2C900&resize=700%2C400 2x, https:\/\/i0.wp.com\/trlika.com\/wp-content\/uploads\/2020\/03\/IMG_4315-scaled.jpg?fit=1200%2C900&resize=1050%2C600 3x"},"classes":[]},{"id":978,"url":"http:\/\/trlika.com\/de\/the-big-family-apartment\/","url_meta":{"origin":408,"position":4},"title":"The Big Family Apartment","author":"Ivica","date":"24. M\u00e4rz 2020.","format":false,"excerpt":"Gro\u00dfe und komfortable Wohnung f\u00fcr eine gro\u00dfe Familie oder eine Gruppe von Freunden.","rel":"","context":"\u00c4hnlicher Beitrag","block_context":{"text":"\u00c4hnlicher Beitrag","link":""},"img":{"alt_text":"","src":"https:\/\/i0.wp.com\/trlika.com\/wp-content\/uploads\/2024\/07\/IMG_3070.jpeg?fit=1200%2C900&resize=350%2C200","width":350,"height":200,"srcset":"https:\/\/i0.wp.com\/trlika.com\/wp-content\/uploads\/2024\/07\/IMG_3070.jpeg?fit=1200%2C900&resize=350%2C200 1x, https:\/\/i0.wp.com\/trlika.com\/wp-content\/uploads\/2024\/07\/IMG_3070.jpeg?fit=1200%2C900&resize=525%2C300 1.5x, https:\/\/i0.wp.com\/trlika.com\/wp-content\/uploads\/2024\/07\/IMG_3070.jpeg?fit=1200%2C900&resize=700%2C400 2x, https:\/\/i0.wp.com\/trlika.com\/wp-content\/uploads\/2024\/07\/IMG_3070.jpeg?fit=1200%2C900&resize=1050%2C600 3x"},"classes":[]},{"id":115,"url":"http:\/\/trlika.com\/de\/hotel\/rab-island\/culture\/","url_meta":{"origin":408,"position":5},"title":"Kultur","author":"Ivica","date":"16. Mai 2017.","format":false,"excerpt":"\u201ca strange medieval town, closer to reminiscence than reality...\"","rel":"","context":"\u00c4hnlicher Beitrag","block_context":{"text":"\u00c4hnlicher Beitrag","link":""},"img":{"alt_text":"","src":"https:\/\/i0.wp.com\/trlika.com\/wp-content\/uploads\/2020\/03\/rabrfge-1.jpg?fit=1200%2C480&resize=350%2C200","width":350,"height":200,"srcset":"https:\/\/i0.wp.com\/trlika.com\/wp-content\/uploads\/2020\/03\/rabrfge-1.jpg?fit=1200%2C480&resize=350%2C200 1x, https:\/\/i0.wp.com\/trlika.com\/wp-content\/uploads\/2020\/03\/rabrfge-1.jpg?fit=1200%2C480&resize=525%2C300 1.5x, https:\/\/i0.wp.com\/trlika.com\/wp-content\/uploads\/2020\/03\/rabrfge-1.jpg?fit=1200%2C480&resize=700%2C400 2x, https:\/\/i0.wp.com\/trlika.com\/wp-content\/uploads\/2020\/03\/rabrfge-1.jpg?fit=1200%2C480&resize=1050%2C600 3x"},"classes":[]}],"_links":{"self":[{"href":"http:\/\/trlika.com\/de\/wp-json\/wp\/v2\/pages\/408","targetHints":{"allow":["GET"]}}],"collection":[{"href":"http:\/\/trlika.com\/de\/wp-json\/wp\/v2\/pages"}],"about":[{"href":"http:\/\/trlika.com\/de\/wp-json\/wp\/v2\/types\/page"}],"author":[{"embeddable":true,"href":"http:\/\/trlika.com\/de\/wp-json\/wp\/v2\/users\/1"}],"replies":[{"embeddable":true,"href":"http:\/\/trlika.com\/de\/wp-json\/wp\/v2\/comments?post=408"}],"version-history":[{"count":0,"href":"http:\/\/trlika.com\/de\/wp-json\/wp\/v2\/pages\/408\/revisions"}],"up":[{"embeddable":true,"href":"http:\/\/trlika.com\/de\/wp-json\/wp\/v2\/pages\/60"}],"wp:attachment":[{"href":"http:\/\/trlika.com\/de\/wp-json\/wp\/v2\/media?parent=408"}],"curies":[{"name":"wp","href":"https:\/\/api.w.org\/{rel}","templated":true}]}}