{"id":41,"date":"2017-05-16T14:00:39","date_gmt":"2017-05-16T12:00:39","guid":{"rendered":"http:\/\/themes.getmotopress.com\/oceanica\/?page_id=41"},"modified":"2022-03-06T22:28:56","modified_gmt":"2022-03-06T21:28:56","slug":"services","status":"publish","type":"page","link":"http:\/\/trlika.com\/de\/hotel\/services\/","title":{"rendered":"Zus\u00e4tzliche Einrichtungen"},"content":{"rendered":"<div class=\"mphb_sc_services-wrapper\"><div class=\"mphb-service post-225 mphb_room_service type-mphb_room_service status-publish has-post-thumbnail mphb-service-free\">\n\n\t\n\n\t<p class=\"mphb-loop-service-thumbnail\">\n\t<img loading=\"lazy\" decoding=\"async\" width=\"929\" height=\"560\" src=\"https:\/\/i0.wp.com\/trlika.com\/wp-content\/uploads\/2017\/05\/parking-1-scaled.jpg?fit=929%2C560\" class=\"attachment-post-thumbnail size-post-thumbnail wp-post-image\" alt=\"\" srcset=\"https:\/\/i0.wp.com\/trlika.com\/wp-content\/uploads\/2017\/05\/parking-1-scaled.jpg?w=2560 2560w, https:\/\/i0.wp.com\/trlika.com\/wp-content\/uploads\/2017\/05\/parking-1-scaled.jpg?resize=300%2C181 300w, https:\/\/i0.wp.com\/trlika.com\/wp-content\/uploads\/2017\/05\/parking-1-scaled.jpg?resize=1024%2C617 1024w, https:\/\/i0.wp.com\/trlika.com\/wp-content\/uploads\/2017\/05\/parking-1-scaled.jpg?resize=768%2C463 768w, https:\/\/i0.wp.com\/trlika.com\/wp-content\/uploads\/2017\/05\/parking-1-scaled.jpg?resize=1536%2C926 1536w, https:\/\/i0.wp.com\/trlika.com\/wp-content\/uploads\/2017\/05\/parking-1-scaled.jpg?resize=2048%2C1235 2048w, https:\/\/i0.wp.com\/trlika.com\/wp-content\/uploads\/2017\/05\/parking-1-scaled.jpg?resize=929%2C560 929w, https:\/\/i0.wp.com\/trlika.com\/wp-content\/uploads\/2017\/05\/parking-1-scaled.jpg?resize=2000%2C1206 2000w, https:\/\/i0.wp.com\/trlika.com\/wp-content\/uploads\/2017\/05\/parking-1-scaled.jpg?w=2244 2244w\" sizes=\"auto, (max-width: 748px) 100vw, 748px\" \/>\n\t<\/p>\n\t\n<h2 class=\"mphb-service-title\">\n<a href=\"http:\/\/trlika.com\/de\/services\/parking-service\/\">Parking Service<\/a>\n<\/h2>\n\n<p>A private parking place is available for each apartment next to the house.<\/p>\n\n\n<p class=\"mphb-price-wrapper\"><strong>Preis:<\/strong>\n<span class=\"mphb-price\">Kostenlos<\/span>\n<\/p>\n<\/div>\n<div class=\"mphb-service post-502 mphb_room_service type-mphb_room_service status-publish has-post-thumbnail mphb-service-free\">\n\n\t\n\n\t<p class=\"mphb-loop-service-thumbnail\">\n\t<img loading=\"lazy\" decoding=\"async\" width=\"747\" height=\"560\" src=\"https:\/\/i0.wp.com\/trlika.com\/wp-content\/uploads\/2020\/03\/IMG_1286-scaled.jpg?fit=747%2C560\" class=\"attachment-post-thumbnail size-post-thumbnail wp-post-image\" alt=\"sun\" srcset=\"https:\/\/i0.wp.com\/trlika.com\/wp-content\/uploads\/2020\/03\/IMG_1286-scaled.jpg?w=2560 2560w, https:\/\/i0.wp.com\/trlika.com\/wp-content\/uploads\/2020\/03\/IMG_1286-scaled.jpg?resize=300%2C225 300w, https:\/\/i0.wp.com\/trlika.com\/wp-content\/uploads\/2020\/03\/IMG_1286-scaled.jpg?resize=1024%2C768 1024w, https:\/\/i0.wp.com\/trlika.com\/wp-content\/uploads\/2020\/03\/IMG_1286-scaled.jpg?resize=768%2C576 768w, https:\/\/i0.wp.com\/trlika.com\/wp-content\/uploads\/2020\/03\/IMG_1286-scaled.jpg?resize=1536%2C1152 1536w, https:\/\/i0.wp.com\/trlika.com\/wp-content\/uploads\/2020\/03\/IMG_1286-scaled.jpg?resize=2048%2C1536 2048w, https:\/\/i0.wp.com\/trlika.com\/wp-content\/uploads\/2020\/03\/IMG_1286-scaled.jpg?resize=747%2C560 747w, https:\/\/i0.wp.com\/trlika.com\/wp-content\/uploads\/2020\/03\/IMG_1286-scaled.jpg?resize=2000%2C1500 2000w, https:\/\/i0.wp.com\/trlika.com\/wp-content\/uploads\/2020\/03\/IMG_1286-scaled.jpg?w=2244 2244w\" sizes=\"auto, (max-width: 747px) 100vw, 747px\" \/>\n\t<\/p>\n\t\n<h2 class=\"mphb-service-title\">\n<a href=\"http:\/\/trlika.com\/de\/services\/laundry-room-2\/\">Waschraum<\/a>\n<\/h2>\n\n<p>Laundry room available for use to all guests: two washing machines, one dryer including washing powder and softener.<\/p>\n\n\n<p class=\"mphb-price-wrapper\"><strong>Preis:<\/strong>\n<span class=\"mphb-price\">Kostenlos<\/span>\n<\/p>\n<\/div>\n<div class=\"mphb-service post-434 mphb_room_service type-mphb_room_service status-publish has-post-thumbnail mphb-service-pay-per-night\">\n\n\t\n\n\t<p class=\"mphb-loop-service-thumbnail\">\n\t<img loading=\"lazy\" decoding=\"async\" width=\"747\" height=\"560\" src=\"https:\/\/i0.wp.com\/trlika.com\/wp-content\/uploads\/2020\/03\/IMG_3109-1-scaled.jpg?fit=747%2C560\" class=\"attachment-post-thumbnail size-post-thumbnail wp-post-image\" alt=\"\" srcset=\"https:\/\/i0.wp.com\/trlika.com\/wp-content\/uploads\/2020\/03\/IMG_3109-1-scaled.jpg?w=2560 2560w, https:\/\/i0.wp.com\/trlika.com\/wp-content\/uploads\/2020\/03\/IMG_3109-1-scaled.jpg?resize=300%2C225 300w, https:\/\/i0.wp.com\/trlika.com\/wp-content\/uploads\/2020\/03\/IMG_3109-1-scaled.jpg?resize=1024%2C768 1024w, https:\/\/i0.wp.com\/trlika.com\/wp-content\/uploads\/2020\/03\/IMG_3109-1-scaled.jpg?resize=768%2C576 768w, https:\/\/i0.wp.com\/trlika.com\/wp-content\/uploads\/2020\/03\/IMG_3109-1-scaled.jpg?resize=1536%2C1152 1536w, https:\/\/i0.wp.com\/trlika.com\/wp-content\/uploads\/2020\/03\/IMG_3109-1-scaled.jpg?resize=2048%2C1536 2048w, https:\/\/i0.wp.com\/trlika.com\/wp-content\/uploads\/2020\/03\/IMG_3109-1-scaled.jpg?resize=747%2C560 747w, https:\/\/i0.wp.com\/trlika.com\/wp-content\/uploads\/2020\/03\/IMG_3109-1-scaled.jpg?resize=2000%2C1500 2000w, https:\/\/i0.wp.com\/trlika.com\/wp-content\/uploads\/2020\/03\/IMG_3109-1-scaled.jpg?w=2244 2244w\" sizes=\"auto, (max-width: 747px) 100vw, 747px\" \/>\n\t<\/p>\n\t\n<h2 class=\"mphb-service-title\">\n<a href=\"http:\/\/trlika.com\/de\/services\/boat-berth\/\">Boat berth<\/a>\n<\/h2>\n\n<p>Boat berths 50-100m from the house. 10\u20ac\/ day Kran in the small Marina. Closed parking\/dry marina for trailer 300m from the house payable to Kran firm.<\/p>\n\n\n<p class=\"mphb-price-wrapper\"><strong>Preis:<\/strong>\n<span class=\"mphb-price\"><span class=\"mphb-currency\">\u20ac<\/span>10<\/span> \/ Pro Tag \/ Pro Unterkunft\n<\/p>\n<\/div>\n<div class=\"mphb-service post-1248 mphb_room_service type-mphb_room_service status-publish mphb-service-pay-per-night\">\n\n\t\n\n<h2 class=\"mphb-service-title\">\n<a href=\"http:\/\/trlika.com\/de\/services\/your-pets-are-welcome\/\">Your pets are welcome<\/a>\n<\/h2>\n\n<p>YOUR PETS ARE WELCOME As a dog- friendly house, the terrace of each apartment is closed with a door. The price depends on the pet, under request.<\/p>\n\n\n<p class=\"mphb-price-wrapper\"><strong>Preis:<\/strong>\n<span class=\"mphb-price\"><span class=\"mphb-currency\">\u20ac<\/span>10<\/span> \/ Pro Tag \/ Pro Unterkunft\n<\/p>\n<\/div>\n<\/div>","protected":false},"excerpt":{"rendered":"<p>Any service to your liking. You can pre-order it when booking an apartment.<\/p>","protected":false},"author":1,"featured_media":1130,"parent":361,"menu_order":0,"comment_status":"closed","ping_status":"closed","template":"","meta":{"jetpack_post_was_ever_published":false,"footnotes":""},"class_list":["post-41","page","type-page","status-publish","has-post-thumbnail","hentry"],"jetpack_sharing_enabled":true,"jetpack_shortlink":"https:\/\/wp.me\/PbRaJk-F","jetpack-related-posts":[{"id":370,"url":"http:\/\/trlika.com\/de\/special-offers\/early-booking\/","url_meta":{"origin":41,"position":0},"title":"Early Booking","author":"Ivica","date":"7. Juni 2017.","format":false,"excerpt":"Spend less by booking early","rel":"","context":"\u00c4hnlicher Beitrag","block_context":{"text":"\u00c4hnlicher Beitrag","link":""},"img":{"alt_text":"","src":"","width":0,"height":0},"classes":[]},{"id":841,"url":"http:\/\/trlika.com\/de\/the-blue-line-apartment\/","url_meta":{"origin":41,"position":1},"title":"The Blue Line Apartment","author":"Ivica","date":"24. M\u00e4rz 2020.","format":false,"excerpt":"Sch\u00f6ne, gem\u00fctliche und komfortable Wohnung f\u00fcr zwei oder f\u00fcr eine Familie mit kleinen Kindern.","rel":"","context":"\u00c4hnlicher Beitrag","block_context":{"text":"\u00c4hnlicher Beitrag","link":""},"img":{"alt_text":"","src":"https:\/\/i0.wp.com\/trlika.com\/wp-content\/uploads\/2020\/03\/IMG_4315-scaled.jpg?fit=1200%2C900&resize=350%2C200","width":350,"height":200,"srcset":"https:\/\/i0.wp.com\/trlika.com\/wp-content\/uploads\/2020\/03\/IMG_4315-scaled.jpg?fit=1200%2C900&resize=350%2C200 1x, https:\/\/i0.wp.com\/trlika.com\/wp-content\/uploads\/2020\/03\/IMG_4315-scaled.jpg?fit=1200%2C900&resize=525%2C300 1.5x, https:\/\/i0.wp.com\/trlika.com\/wp-content\/uploads\/2020\/03\/IMG_4315-scaled.jpg?fit=1200%2C900&resize=700%2C400 2x, https:\/\/i0.wp.com\/trlika.com\/wp-content\/uploads\/2020\/03\/IMG_4315-scaled.jpg?fit=1200%2C900&resize=1050%2C600 3x"},"classes":[]},{"id":1105,"url":"http:\/\/trlika.com\/de\/terms-and-conditions\/","url_meta":{"origin":41,"position":2},"title":"Terms and conditions","author":"Ivica","date":"26. M\u00e4rz 2020.","format":false,"excerpt":"Bank account:Name and surname:\u00a0IVICA MIKELICAddress:\u00a0Kampor 203, 51280 Rab, CroatiaIBAN: HR0324020063101456343Bank: Erste & Steierm\u00e4rkische Bank, Jadranski trg 3a, 51000 Rijeka, CroatiaSWIFT: ESBCHR22 Bank fees and money transfer costs should be paid by sending party.In case more guests arrive than was registered upon reservation, we reserve the right to deny accommodation to\u2026","rel":"","context":"\u00c4hnlicher Beitrag","block_context":{"text":"\u00c4hnlicher Beitrag","link":""},"img":{"alt_text":"","src":"https:\/\/i0.wp.com\/trlika.com\/wp-content\/uploads\/2020\/03\/rab-sziget-kepek-13-1.jpg?fit=1200%2C799&resize=350%2C200","width":350,"height":200,"srcset":"https:\/\/i0.wp.com\/trlika.com\/wp-content\/uploads\/2020\/03\/rab-sziget-kepek-13-1.jpg?fit=1200%2C799&resize=350%2C200 1x, https:\/\/i0.wp.com\/trlika.com\/wp-content\/uploads\/2020\/03\/rab-sziget-kepek-13-1.jpg?fit=1200%2C799&resize=525%2C300 1.5x, https:\/\/i0.wp.com\/trlika.com\/wp-content\/uploads\/2020\/03\/rab-sziget-kepek-13-1.jpg?fit=1200%2C799&resize=700%2C400 2x, https:\/\/i0.wp.com\/trlika.com\/wp-content\/uploads\/2020\/03\/rab-sziget-kepek-13-1.jpg?fit=1200%2C799&resize=1050%2C600 3x"},"classes":[]},{"id":1235,"url":"http:\/\/trlika.com\/de\/gdpr\/","url_meta":{"origin":41,"position":3},"title":"GDPR","author":"Ivica","date":"28. M\u00e4rz 2020.","format":false,"excerpt":"General Data Protection Regulation","rel":"","context":"\u00c4hnlicher Beitrag","block_context":{"text":"\u00c4hnlicher Beitrag","link":""},"img":{"alt_text":"","src":"https:\/\/i0.wp.com\/trlika.com\/wp-content\/uploads\/2020\/03\/Mg-Oldtimers-64.jpg?fit=1200%2C800&resize=350%2C200","width":350,"height":200,"srcset":"https:\/\/i0.wp.com\/trlika.com\/wp-content\/uploads\/2020\/03\/Mg-Oldtimers-64.jpg?fit=1200%2C800&resize=350%2C200 1x, https:\/\/i0.wp.com\/trlika.com\/wp-content\/uploads\/2020\/03\/Mg-Oldtimers-64.jpg?fit=1200%2C800&resize=525%2C300 1.5x, https:\/\/i0.wp.com\/trlika.com\/wp-content\/uploads\/2020\/03\/Mg-Oldtimers-64.jpg?fit=1200%2C800&resize=700%2C400 2x, https:\/\/i0.wp.com\/trlika.com\/wp-content\/uploads\/2020\/03\/Mg-Oldtimers-64.jpg?fit=1200%2C800&resize=1050%2C600 3x"},"classes":[]},{"id":978,"url":"http:\/\/trlika.com\/de\/the-big-family-apartment\/","url_meta":{"origin":41,"position":4},"title":"The Big Family Apartment","author":"Ivica","date":"24. M\u00e4rz 2020.","format":false,"excerpt":"Gro\u00dfe und komfortable Wohnung f\u00fcr eine gro\u00dfe Familie oder eine Gruppe von Freunden.","rel":"","context":"\u00c4hnlicher Beitrag","block_context":{"text":"\u00c4hnlicher Beitrag","link":""},"img":{"alt_text":"","src":"https:\/\/i0.wp.com\/trlika.com\/wp-content\/uploads\/2024\/07\/IMG_3070.jpeg?fit=1200%2C900&resize=350%2C200","width":350,"height":200,"srcset":"https:\/\/i0.wp.com\/trlika.com\/wp-content\/uploads\/2024\/07\/IMG_3070.jpeg?fit=1200%2C900&resize=350%2C200 1x, https:\/\/i0.wp.com\/trlika.com\/wp-content\/uploads\/2024\/07\/IMG_3070.jpeg?fit=1200%2C900&resize=525%2C300 1.5x, https:\/\/i0.wp.com\/trlika.com\/wp-content\/uploads\/2024\/07\/IMG_3070.jpeg?fit=1200%2C900&resize=700%2C400 2x, https:\/\/i0.wp.com\/trlika.com\/wp-content\/uploads\/2024\/07\/IMG_3070.jpeg?fit=1200%2C900&resize=1050%2C600 3x"},"classes":[]},{"id":14247,"url":"http:\/\/trlika.com\/de\/wpbc-booking-received\/","url_meta":{"origin":41,"position":5},"title":"Booking Received","author":"Ivica","date":"19. Juli 2024.","format":false,"excerpt":"Thank you for your booking. Your booking has been successfully received. [booking_confirm]","rel":"","context":"\u00c4hnlicher Beitrag","block_context":{"text":"\u00c4hnlicher Beitrag","link":""},"img":{"alt_text":"","src":"","width":0,"height":0},"classes":[]}],"_links":{"self":[{"href":"http:\/\/trlika.com\/de\/wp-json\/wp\/v2\/pages\/41","targetHints":{"allow":["GET"]}}],"collection":[{"href":"http:\/\/trlika.com\/de\/wp-json\/wp\/v2\/pages"}],"about":[{"href":"http:\/\/trlika.com\/de\/wp-json\/wp\/v2\/types\/page"}],"author":[{"embeddable":true,"href":"http:\/\/trlika.com\/de\/wp-json\/wp\/v2\/users\/1"}],"replies":[{"embeddable":true,"href":"http:\/\/trlika.com\/de\/wp-json\/wp\/v2\/comments?post=41"}],"version-history":[{"count":3,"href":"http:\/\/trlika.com\/de\/wp-json\/wp\/v2\/pages\/41\/revisions"}],"predecessor-version":[{"id":1132,"href":"http:\/\/trlika.com\/de\/wp-json\/wp\/v2\/pages\/41\/revisions\/1132"}],"up":[{"embeddable":true,"href":"http:\/\/trlika.com\/de\/wp-json\/wp\/v2\/pages\/361"}],"wp:featuredmedia":[{"embeddable":true,"href":"http:\/\/trlika.com\/de\/wp-json\/wp\/v2\/media\/1130"}],"wp:attachment":[{"href":"http:\/\/trlika.com\/de\/wp-json\/wp\/v2\/media?parent=41"}],"curies":[{"name":"wp","href":"https:\/\/api.w.org\/{rel}","templated":true}]}}