{"id":1105,"date":"2020-03-26T16:26:17","date_gmt":"2020-03-26T15:26:17","guid":{"rendered":"http:\/\/test.muncel.com\/?page_id=1105"},"modified":"2024-11-20T22:21:05","modified_gmt":"2024-11-20T21:21:05","slug":"terms-and-conditions","status":"publish","type":"page","link":"https:\/\/trlika.com\/de\/terms-and-conditions\/","title":{"rendered":"Terms and conditions"},"content":{"rendered":"<p>Bank account:<br><br><strong>Name and surname:&nbsp;<\/strong>IVICA MIKELIC<br><strong>Address:<\/strong>&nbsp;Kampor 203, 51280 Rab, Croatia<br><strong>IBAN<\/strong>: HR0324020063101456343<br><strong>Bank<\/strong>: Erste &amp; Steierm\u00e4rkische Bank, Jadranski trg 3a, 51000 Rijeka, Croatia<br><strong>SWIFT<\/strong>: ESBCHR22<\/p>\n\n\n\n<p>Bank fees and money transfer costs should be paid by sending party.<br><br>In case more guests arrive than was registered upon reservation, we reserve the right to deny accommodation to the excess number of guests, or accept all guests with an additional payment.<br><br>Staying\u00a0shorter\u00a0than 4 days costs 30% more.<br><br>ARRIVAL AND DEPARTURE<br><br>You can enter the apartment after 2 pm on a day of arrival set earlier unless agreed otherwise.<br><br>Departure must be by 10 am on an agreed day of departure set earlier, unless arranged otherwise.<br><br>RESERVATION CANCELLATIONS<br><br>The same rules apply for all cancellation reasons.<br><br>If you cancel your reservation 45 days or more prior to scheduled arrival, your payment is entirely refundable.<br><br>If you cancel your reservation 45 days or less before your scheduled arrival we reserve right to keep the entire advance payment.<\/p>","protected":false},"excerpt":{"rendered":"<p>Bank account: Name and surname:&nbsp;IVICA MIKELICAddress:&nbsp;Kampor 203, 51280 Rab, CroatiaIBAN: HR0324020063101456343Bank: Erste &amp; Steierm\u00e4rkische Bank, Jadranski trg 3a, 51000 Rijeka, CroatiaSWIFT: ESBCHR22 Bank fees and money transfer costs should be paid by sending party. In case more guests arrive than was registered upon reservation, we reserve the right to deny accommodation to the excess number &hellip; <a href=\"https:\/\/trlika.com\/de\/terms-and-conditions\/\" class=\"more-link\">Continue reading<span class=\"screen-reader-text\"> &#8220;Terms and conditions&#8221;<\/span><\/a><\/p>","protected":false},"author":1,"featured_media":713,"parent":0,"menu_order":0,"comment_status":"closed","ping_status":"closed","template":"","meta":{"jetpack_post_was_ever_published":false,"footnotes":""},"class_list":["post-1105","page","type-page","status-publish","has-post-thumbnail","hentry"],"jetpack_sharing_enabled":true,"jetpack_shortlink":"https:\/\/wp.me\/PbRaJk-hP","jetpack-related-posts":[{"id":1235,"url":"https:\/\/trlika.com\/de\/gdpr\/","url_meta":{"origin":1105,"position":0},"title":"GDPR","author":"Ivica","date":"28. M\u00e4rz 2020.","format":false,"excerpt":"General Data Protection Regulation","rel":"","context":"\u00c4hnlicher Beitrag","block_context":{"text":"\u00c4hnlicher Beitrag","link":""},"img":{"alt_text":"","src":"https:\/\/i0.wp.com\/trlika.com\/wp-content\/uploads\/2020\/03\/Mg-Oldtimers-64.jpg?fit=1200%2C800&ssl=1&resize=350%2C200","width":350,"height":200,"srcset":"https:\/\/i0.wp.com\/trlika.com\/wp-content\/uploads\/2020\/03\/Mg-Oldtimers-64.jpg?fit=1200%2C800&ssl=1&resize=350%2C200 1x, https:\/\/i0.wp.com\/trlika.com\/wp-content\/uploads\/2020\/03\/Mg-Oldtimers-64.jpg?fit=1200%2C800&ssl=1&resize=525%2C300 1.5x, https:\/\/i0.wp.com\/trlika.com\/wp-content\/uploads\/2020\/03\/Mg-Oldtimers-64.jpg?fit=1200%2C800&ssl=1&resize=700%2C400 2x, https:\/\/i0.wp.com\/trlika.com\/wp-content\/uploads\/2020\/03\/Mg-Oldtimers-64.jpg?fit=1200%2C800&ssl=1&resize=1050%2C600 3x"},"classes":[]},{"id":388,"url":"https:\/\/trlika.com\/de\/special-offers\/business-offer\/","url_meta":{"origin":1105,"position":1},"title":"Business Offer","author":"Ivica","date":"8. Juni 2017.","format":false,"excerpt":"Business offer for corporate trips","rel":"","context":"\u00c4hnlicher Beitrag","block_context":{"text":"\u00c4hnlicher Beitrag","link":""},"img":{"alt_text":"","src":"","width":0,"height":0},"classes":[]},{"id":115,"url":"https:\/\/trlika.com\/de\/hotel\/rab-island\/culture\/","url_meta":{"origin":1105,"position":2},"title":"Kultur","author":"Ivica","date":"16. Mai 2017.","format":false,"excerpt":"\u201ca strange medieval town, closer to reminiscence than reality...\"","rel":"","context":"\u00c4hnlicher Beitrag","block_context":{"text":"\u00c4hnlicher Beitrag","link":""},"img":{"alt_text":"","src":"https:\/\/i0.wp.com\/trlika.com\/wp-content\/uploads\/2020\/03\/rabrfge-1.jpg?fit=1200%2C480&ssl=1&resize=350%2C200","width":350,"height":200,"srcset":"https:\/\/i0.wp.com\/trlika.com\/wp-content\/uploads\/2020\/03\/rabrfge-1.jpg?fit=1200%2C480&ssl=1&resize=350%2C200 1x, https:\/\/i0.wp.com\/trlika.com\/wp-content\/uploads\/2020\/03\/rabrfge-1.jpg?fit=1200%2C480&ssl=1&resize=525%2C300 1.5x, https:\/\/i0.wp.com\/trlika.com\/wp-content\/uploads\/2020\/03\/rabrfge-1.jpg?fit=1200%2C480&ssl=1&resize=700%2C400 2x, https:\/\/i0.wp.com\/trlika.com\/wp-content\/uploads\/2020\/03\/rabrfge-1.jpg?fit=1200%2C480&ssl=1&resize=1050%2C600 3x"},"classes":[]},{"id":775,"url":"https:\/\/trlika.com\/de\/apartments-mikelic\/","url_meta":{"origin":1105,"position":3},"title":"Apartments Mikelic","author":"Ivica","date":"23. M\u00e4rz 2020.","format":false,"excerpt":"The house is situated in a quiet place in the middle of a small village Kampor, overlooking the St. Eufemija bay and the old town as well as the Dundovo park-forest situated on the Kristofor peninsula melting away with numerous bays of the blue Adriatic. Apartments are placed in a\u2026","rel":"","context":"\u00c4hnlicher Beitrag","block_context":{"text":"\u00c4hnlicher Beitrag","link":""},"img":{"alt_text":"The Blue Line Apartment","src":"https:\/\/i0.wp.com\/trlika.com\/wp-content\/uploads\/2020\/03\/IMG_0463-scaled.jpg?fit=1200%2C900&ssl=1&resize=350%2C200","width":350,"height":200,"srcset":"https:\/\/i0.wp.com\/trlika.com\/wp-content\/uploads\/2020\/03\/IMG_0463-scaled.jpg?fit=1200%2C900&ssl=1&resize=350%2C200 1x, https:\/\/i0.wp.com\/trlika.com\/wp-content\/uploads\/2020\/03\/IMG_0463-scaled.jpg?fit=1200%2C900&ssl=1&resize=525%2C300 1.5x, https:\/\/i0.wp.com\/trlika.com\/wp-content\/uploads\/2020\/03\/IMG_0463-scaled.jpg?fit=1200%2C900&ssl=1&resize=700%2C400 2x, https:\/\/i0.wp.com\/trlika.com\/wp-content\/uploads\/2020\/03\/IMG_0463-scaled.jpg?fit=1200%2C900&ssl=1&resize=1050%2C600 3x"},"classes":[]},{"id":361,"url":"https:\/\/trlika.com\/de\/","url_meta":{"origin":1105,"position":4},"title":"Willkommen in Trlika Apartments","author":"Ivica","date":"16. Mai 2017.","format":false,"excerpt":"Your home on the island","rel":"","context":"\u00c4hnlicher Beitrag","block_context":{"text":"\u00c4hnlicher Beitrag","link":""},"img":{"alt_text":"Apartments Trlika","src":"https:\/\/i0.wp.com\/trlika.com\/wp-content\/uploads\/2022\/02\/kuca1-1-scaled.jpg?fit=1200%2C675&ssl=1&resize=350%2C200","width":350,"height":200,"srcset":"https:\/\/i0.wp.com\/trlika.com\/wp-content\/uploads\/2022\/02\/kuca1-1-scaled.jpg?fit=1200%2C675&ssl=1&resize=350%2C200 1x, https:\/\/i0.wp.com\/trlika.com\/wp-content\/uploads\/2022\/02\/kuca1-1-scaled.jpg?fit=1200%2C675&ssl=1&resize=525%2C300 1.5x, https:\/\/i0.wp.com\/trlika.com\/wp-content\/uploads\/2022\/02\/kuca1-1-scaled.jpg?fit=1200%2C675&ssl=1&resize=700%2C400 2x, https:\/\/i0.wp.com\/trlika.com\/wp-content\/uploads\/2022\/02\/kuca1-1-scaled.jpg?fit=1200%2C675&ssl=1&resize=1050%2C600 3x"},"classes":[]},{"id":978,"url":"https:\/\/trlika.com\/de\/the-big-family-apartment\/","url_meta":{"origin":1105,"position":5},"title":"The Big Family Apartment","author":"Ivica","date":"24. M\u00e4rz 2020.","format":false,"excerpt":"Gro\u00dfe und komfortable Wohnung f\u00fcr eine gro\u00dfe Familie oder eine Gruppe von Freunden.","rel":"","context":"\u00c4hnlicher Beitrag","block_context":{"text":"\u00c4hnlicher Beitrag","link":""},"img":{"alt_text":"","src":"https:\/\/i0.wp.com\/trlika.com\/wp-content\/uploads\/2024\/07\/IMG_3070.jpeg?fit=1200%2C900&ssl=1&resize=350%2C200","width":350,"height":200,"srcset":"https:\/\/i0.wp.com\/trlika.com\/wp-content\/uploads\/2024\/07\/IMG_3070.jpeg?fit=1200%2C900&ssl=1&resize=350%2C200 1x, https:\/\/i0.wp.com\/trlika.com\/wp-content\/uploads\/2024\/07\/IMG_3070.jpeg?fit=1200%2C900&ssl=1&resize=525%2C300 1.5x, https:\/\/i0.wp.com\/trlika.com\/wp-content\/uploads\/2024\/07\/IMG_3070.jpeg?fit=1200%2C900&ssl=1&resize=700%2C400 2x, https:\/\/i0.wp.com\/trlika.com\/wp-content\/uploads\/2024\/07\/IMG_3070.jpeg?fit=1200%2C900&ssl=1&resize=1050%2C600 3x"},"classes":[]}],"_links":{"self":[{"href":"https:\/\/trlika.com\/de\/wp-json\/wp\/v2\/pages\/1105","targetHints":{"allow":["GET"]}}],"collection":[{"href":"https:\/\/trlika.com\/de\/wp-json\/wp\/v2\/pages"}],"about":[{"href":"https:\/\/trlika.com\/de\/wp-json\/wp\/v2\/types\/page"}],"author":[{"embeddable":true,"href":"https:\/\/trlika.com\/de\/wp-json\/wp\/v2\/users\/1"}],"replies":[{"embeddable":true,"href":"https:\/\/trlika.com\/de\/wp-json\/wp\/v2\/comments?post=1105"}],"version-history":[{"count":8,"href":"https:\/\/trlika.com\/de\/wp-json\/wp\/v2\/pages\/1105\/revisions"}],"predecessor-version":[{"id":14845,"href":"https:\/\/trlika.com\/de\/wp-json\/wp\/v2\/pages\/1105\/revisions\/14845"}],"wp:featuredmedia":[{"embeddable":true,"href":"https:\/\/trlika.com\/de\/wp-json\/wp\/v2\/media\/713"}],"wp:attachment":[{"href":"https:\/\/trlika.com\/de\/wp-json\/wp\/v2\/media?parent=1105"}],"curies":[{"name":"wp","href":"https:\/\/api.w.org\/{rel}","templated":true}]}}