{"id":117,"date":"2017-05-16T18:38:29","date_gmt":"2017-05-16T18:38:29","guid":{"rendered":"http:\/\/themes.getmotopress.com\/oceanica\/?page_id=117"},"modified":"2020-03-22T20:59:10","modified_gmt":"2020-03-22T19:59:10","slug":"activities","status":"publish","type":"page","link":"https:\/\/trlika.com\/de\/hotel\/rab-island\/activities\/","title":{"rendered":"Aktivit\u00e4ten"},"content":{"rendered":"<p>Apart from the obvious enjoyment you could find in sunbathing and the beauty of our sea &#8211; a variety of activities throughout the island offers you the possibility of spending your vacation in a more active way \u2013 regardless of it being a sport and recreation kind of activity or the plain and simple \u201cgoing out\u201d. .<br \/><br \/>The night life is an essential part of the repertoire of any tourist destination &#8211; the Island of Rab is no exception.<br \/><br \/>One of the distinctiveness of our island are numerous small caf\u00e9 bars, cocktail bars (Sanda, Forum, In, Banova vila&#8230;), pubs, night clubs (Le Journal, San Antonio, Vox&#8230;), situated in the heart of the old part of the town of Rab, among stone walls, squares and streets as well as every else around the island. One of the unavoidable destinations is the Party Club Santos, out of the town on the beach Pudarica..<br \/><br \/>As a seaside resort, Rab offers excellent opportunities for almost any type of water sports. Board and kite-surfing is great throughout the summer but the best weather conditions are in May and September.<br \/><br \/>Apart from sailing, visitors to the island have an opportunity to rent all kinds of motorized vehicles, jet skis, kayaks and pedalos. Water skiing, tubing, parachute, aquagan and others.<br \/><br \/>There are several tennis court locations on the island. The two in Kampor that rent courts, equipment and give lessons are Gu\u0161\u010di\u0107 and Suha Punta.<br \/><br \/>When mentioning Rab\u2019s excellent sand volleyball conditions we must stress three of the biggest sand beaches known for volleyball tournaments: the beach \u201cMel\u201d in Kampor, Paradise beach in Lopar (hosting one of the Croatian championship tournaments every year), Pudarica and many others.<br \/><br \/>Because of its climate and natural conditions, Rab is perfect for athlete and team preparations. Conditions are excellent for football, handball, basketball\u2026<br \/><br \/>Apart from that, sports also available are boules ( p\u00e9tanque), mini golf, table tennis, paintball\u2026 Paintball is a part of an ongoing teambuilding program for a Croatian company. In the last few years motor-cross and off-road contests have been held. We must point out a track in the Mag bay, along the coastline.<br \/><br \/>The sea surrounding the island hides many sunken ships and amazing natural underwater landforms. You can go through basic and advanced diving training, rent equipment as well as enjoy some of the all included diving vacation packages.<br \/><br \/>Our special recommendation goes to unforgettable daily trips around Rab and its surroundings; sightseeing the heart of the old town, boat trip around the island as well as island surrounding it Ko\u0161ljun, Lo\u0161inj, underwater sightseeing tour and fish-picnic.<br \/><br \/>There are organized visits to neighboring national parks Plitvi\u010dka jezera, Paklenica and Sjeverni Velebit.<\/p>\n<p>\u00a0<\/p>\n\n\n<figure class=\"wp-block-gallery columns-1 is-cropped wp-block-gallery-1 is-layout-flex wp-block-gallery-is-layout-flex\"><ul class=\"blocks-gallery-grid\"><li class=\"blocks-gallery-item\"><figure><img data-recalc-dims=\"1\" loading=\"lazy\" decoding=\"async\" width=\"748\" height=\"498\" src=\"https:\/\/i0.wp.com\/test.muncel.com\/wp-content\/uploads\/2020\/03\/kvarner-biking-342-1024x682-3.jpg?resize=748%2C498\" alt=\"\" data-id=\"749\" data-full-url=\"http:\/\/test.muncel.com\/wp-content\/uploads\/2020\/03\/kvarner-biking-342-1024x682-3.jpg\" data-link=\"http:\/\/test.muncel.com\/hotel\/rab-island\/surfing-lessons\/kvarner-biking-342-1024x682-3\/\" class=\"wp-image-749\" srcset=\"https:\/\/i0.wp.com\/trlika.com\/wp-content\/uploads\/2020\/03\/kvarner-biking-342-1024x682-3.jpg?w=1024&amp;ssl=1 1024w, https:\/\/i0.wp.com\/trlika.com\/wp-content\/uploads\/2020\/03\/kvarner-biking-342-1024x682-3.jpg?resize=300%2C200&amp;ssl=1 300w, https:\/\/i0.wp.com\/trlika.com\/wp-content\/uploads\/2020\/03\/kvarner-biking-342-1024x682-3.jpg?resize=768%2C512&amp;ssl=1 768w, https:\/\/i0.wp.com\/trlika.com\/wp-content\/uploads\/2020\/03\/kvarner-biking-342-1024x682-3.jpg?resize=841%2C560&amp;ssl=1 841w, https:\/\/i0.wp.com\/trlika.com\/wp-content\/uploads\/2020\/03\/kvarner-biking-342-1024x682-3.jpg?resize=840%2C560&amp;ssl=1 840w\" sizes=\"auto, (max-width: 748px) 100vw, 748px\" \/><\/figure><\/li><\/ul><\/figure>","protected":false},"excerpt":{"rendered":"<p>Make your holidays unforgettable&#8230; <\/p>","protected":false},"author":1,"featured_media":709,"parent":44,"menu_order":0,"comment_status":"closed","ping_status":"closed","template":"","meta":{"jetpack_post_was_ever_published":false,"footnotes":""},"class_list":["post-117","page","type-page","status-publish","has-post-thumbnail","hentry"],"jetpack_sharing_enabled":true,"jetpack_shortlink":"https:\/\/wp.me\/PbRaJk-1T","jetpack-related-posts":[{"id":115,"url":"https:\/\/trlika.com\/de\/hotel\/rab-island\/culture\/","url_meta":{"origin":117,"position":0},"title":"Kultur","author":"Ivica","date":"16. Mai 2017.","format":false,"excerpt":"\u201ca strange medieval town, closer to reminiscence than reality...\"","rel":"","context":"\u00c4hnlicher Beitrag","block_context":{"text":"\u00c4hnlicher Beitrag","link":""},"img":{"alt_text":"","src":"https:\/\/i0.wp.com\/trlika.com\/wp-content\/uploads\/2020\/03\/rabrfge-1.jpg?fit=1200%2C480&ssl=1&resize=350%2C200","width":350,"height":200,"srcset":"https:\/\/i0.wp.com\/trlika.com\/wp-content\/uploads\/2020\/03\/rabrfge-1.jpg?fit=1200%2C480&ssl=1&resize=350%2C200 1x, https:\/\/i0.wp.com\/trlika.com\/wp-content\/uploads\/2020\/03\/rabrfge-1.jpg?fit=1200%2C480&ssl=1&resize=525%2C300 1.5x, https:\/\/i0.wp.com\/trlika.com\/wp-content\/uploads\/2020\/03\/rabrfge-1.jpg?fit=1200%2C480&ssl=1&resize=700%2C400 2x, https:\/\/i0.wp.com\/trlika.com\/wp-content\/uploads\/2020\/03\/rabrfge-1.jpg?fit=1200%2C480&ssl=1&resize=1050%2C600 3x"},"classes":[]},{"id":44,"url":"https:\/\/trlika.com\/de\/hotel\/rab-island\/","url_meta":{"origin":117,"position":1},"title":"Rab \u2013 100%  Insel","author":"Ivica","date":"16. Mai 2017.","format":false,"excerpt":"Rab is an island, a piece of the Kvarner Bay archipelago in the northern part of the Adriatic Sea. Together with smaller isles surrounding it, the surface of the island is 86,14 square kilometers. At its longest part the island measures 22km while at its widest part it is 11km\u2026","rel":"","context":"\u00c4hnlicher Beitrag","block_context":{"text":"\u00c4hnlicher Beitrag","link":""},"img":{"alt_text":"Insel Rab","src":"https:\/\/i0.wp.com\/trlika.com\/wp-content\/uploads\/2020\/03\/Island-Rab-scaled.jpg?fit=1200%2C708&ssl=1&resize=350%2C200","width":350,"height":200,"srcset":"https:\/\/i0.wp.com\/trlika.com\/wp-content\/uploads\/2020\/03\/Island-Rab-scaled.jpg?fit=1200%2C708&ssl=1&resize=350%2C200 1x, https:\/\/i0.wp.com\/trlika.com\/wp-content\/uploads\/2020\/03\/Island-Rab-scaled.jpg?fit=1200%2C708&ssl=1&resize=525%2C300 1.5x, https:\/\/i0.wp.com\/trlika.com\/wp-content\/uploads\/2020\/03\/Island-Rab-scaled.jpg?fit=1200%2C708&ssl=1&resize=700%2C400 2x, https:\/\/i0.wp.com\/trlika.com\/wp-content\/uploads\/2020\/03\/Island-Rab-scaled.jpg?fit=1200%2C708&ssl=1&resize=1050%2C600 3x"},"classes":[]},{"id":1151,"url":"https:\/\/trlika.com\/de\/rab\/","url_meta":{"origin":117,"position":2},"title":"Links","author":"Ivica","date":"27. M\u00e4rz 2020.","format":false,"excerpt":"The Official Web Site of Tourist Board of Island of Rab The Tourist board of Croatia Tourist Board of Kvarner Region Kantuni \/ Corners An original cultural-tourism project Plitvice Lakes National Park Rab Jazz Fest The Official Web Site of the Town of Rab RAFF - Rab Film Festival Ferry\u2026","rel":"","context":"\u00c4hnlicher Beitrag","block_context":{"text":"\u00c4hnlicher Beitrag","link":""},"img":{"alt_text":"","src":"https:\/\/i0.wp.com\/trlika.com\/wp-content\/uploads\/2020\/03\/rab-trel-2-scaled.jpg?fit=1200%2C800&ssl=1&resize=350%2C200","width":350,"height":200,"srcset":"https:\/\/i0.wp.com\/trlika.com\/wp-content\/uploads\/2020\/03\/rab-trel-2-scaled.jpg?fit=1200%2C800&ssl=1&resize=350%2C200 1x, https:\/\/i0.wp.com\/trlika.com\/wp-content\/uploads\/2020\/03\/rab-trel-2-scaled.jpg?fit=1200%2C800&ssl=1&resize=525%2C300 1.5x, https:\/\/i0.wp.com\/trlika.com\/wp-content\/uploads\/2020\/03\/rab-trel-2-scaled.jpg?fit=1200%2C800&ssl=1&resize=700%2C400 2x, https:\/\/i0.wp.com\/trlika.com\/wp-content\/uploads\/2020\/03\/rab-trel-2-scaled.jpg?fit=1200%2C800&ssl=1&resize=1050%2C600 3x"},"classes":[]},{"id":67,"url":"https:\/\/trlika.com\/de\/hotel\/rab-island\/beaches\/","url_meta":{"origin":117,"position":3},"title":"Str\u00e4nde","author":"Ivica","date":"16. Mai 2017.","format":false,"excerpt":"The island offers beaches to fit everyone\u2019s taste","rel":"","context":"\u00c4hnlicher Beitrag","block_context":{"text":"\u00c4hnlicher Beitrag","link":""},"img":{"alt_text":"","src":"https:\/\/i0.wp.com\/trlika.com\/wp-content\/uploads\/2020\/03\/Rab-Kalifront-Sv-Mara.jpg?fit=1200%2C801&ssl=1&resize=350%2C200","width":350,"height":200,"srcset":"https:\/\/i0.wp.com\/trlika.com\/wp-content\/uploads\/2020\/03\/Rab-Kalifront-Sv-Mara.jpg?fit=1200%2C801&ssl=1&resize=350%2C200 1x, https:\/\/i0.wp.com\/trlika.com\/wp-content\/uploads\/2020\/03\/Rab-Kalifront-Sv-Mara.jpg?fit=1200%2C801&ssl=1&resize=525%2C300 1.5x, https:\/\/i0.wp.com\/trlika.com\/wp-content\/uploads\/2020\/03\/Rab-Kalifront-Sv-Mara.jpg?fit=1200%2C801&ssl=1&resize=700%2C400 2x, https:\/\/i0.wp.com\/trlika.com\/wp-content\/uploads\/2020\/03\/Rab-Kalifront-Sv-Mara.jpg?fit=1200%2C801&ssl=1&resize=1050%2C600 3x"},"classes":[]},{"id":652,"url":"https:\/\/trlika.com\/de\/kampor\/","url_meta":{"origin":117,"position":4},"title":"Kampor","author":"Ivica","date":"22. M\u00e4rz 2020.","format":false,"excerpt":"Kampor is rich with forests and many sandy, pebble and rocky beaches and bays. One of larger is sandy beach \"Veliki Mel\" in Kampor, that lays 200m from our house. There is also one of the most popular FKK beaches in the region named \"Kandalora\" or \"The English beach\" as\u2026","rel":"","context":"\u00c4hnlicher Beitrag","block_context":{"text":"\u00c4hnlicher Beitrag","link":""},"img":{"alt_text":"Kampor","src":"https:\/\/i0.wp.com\/trlika.com\/wp-content\/uploads\/2020\/03\/2aa4f79c-bb70-4c89-b04f-509a77a750d0_0.jpg?fit=1200%2C763&ssl=1&resize=350%2C200","width":350,"height":200,"srcset":"https:\/\/i0.wp.com\/trlika.com\/wp-content\/uploads\/2020\/03\/2aa4f79c-bb70-4c89-b04f-509a77a750d0_0.jpg?fit=1200%2C763&ssl=1&resize=350%2C200 1x, https:\/\/i0.wp.com\/trlika.com\/wp-content\/uploads\/2020\/03\/2aa4f79c-bb70-4c89-b04f-509a77a750d0_0.jpg?fit=1200%2C763&ssl=1&resize=525%2C300 1.5x, https:\/\/i0.wp.com\/trlika.com\/wp-content\/uploads\/2020\/03\/2aa4f79c-bb70-4c89-b04f-509a77a750d0_0.jpg?fit=1200%2C763&ssl=1&resize=700%2C400 2x, https:\/\/i0.wp.com\/trlika.com\/wp-content\/uploads\/2020\/03\/2aa4f79c-bb70-4c89-b04f-509a77a750d0_0.jpg?fit=1200%2C763&ssl=1&resize=1050%2C600 3x"},"classes":[]},{"id":63,"url":"https:\/\/trlika.com\/de\/hotel\/rab-island\/nature\/","url_meta":{"origin":117,"position":5},"title":"Natur","author":"Ivica","date":"16. Mai 2017.","format":false,"excerpt":"Rab is one of the greenest Adriatic islands","rel":"","context":"\u00c4hnlicher Beitrag","block_context":{"text":"\u00c4hnlicher Beitrag","link":""},"img":{"alt_text":"","src":"https:\/\/i0.wp.com\/trlika.com\/wp-content\/uploads\/2020\/03\/insel-rab_wandern-zur-kalifront_01.jpg?fit=1200%2C800&ssl=1&resize=350%2C200","width":350,"height":200,"srcset":"https:\/\/i0.wp.com\/trlika.com\/wp-content\/uploads\/2020\/03\/insel-rab_wandern-zur-kalifront_01.jpg?fit=1200%2C800&ssl=1&resize=350%2C200 1x, https:\/\/i0.wp.com\/trlika.com\/wp-content\/uploads\/2020\/03\/insel-rab_wandern-zur-kalifront_01.jpg?fit=1200%2C800&ssl=1&resize=525%2C300 1.5x, https:\/\/i0.wp.com\/trlika.com\/wp-content\/uploads\/2020\/03\/insel-rab_wandern-zur-kalifront_01.jpg?fit=1200%2C800&ssl=1&resize=700%2C400 2x, https:\/\/i0.wp.com\/trlika.com\/wp-content\/uploads\/2020\/03\/insel-rab_wandern-zur-kalifront_01.jpg?fit=1200%2C800&ssl=1&resize=1050%2C600 3x"},"classes":[]}],"_links":{"self":[{"href":"https:\/\/trlika.com\/de\/wp-json\/wp\/v2\/pages\/117","targetHints":{"allow":["GET"]}}],"collection":[{"href":"https:\/\/trlika.com\/de\/wp-json\/wp\/v2\/pages"}],"about":[{"href":"https:\/\/trlika.com\/de\/wp-json\/wp\/v2\/types\/page"}],"author":[{"embeddable":true,"href":"https:\/\/trlika.com\/de\/wp-json\/wp\/v2\/users\/1"}],"replies":[{"embeddable":true,"href":"https:\/\/trlika.com\/de\/wp-json\/wp\/v2\/comments?post=117"}],"version-history":[{"count":3,"href":"https:\/\/trlika.com\/de\/wp-json\/wp\/v2\/pages\/117\/revisions"}],"predecessor-version":[{"id":747,"href":"https:\/\/trlika.com\/de\/wp-json\/wp\/v2\/pages\/117\/revisions\/747"}],"up":[{"embeddable":true,"href":"https:\/\/trlika.com\/de\/wp-json\/wp\/v2\/pages\/44"}],"wp:featuredmedia":[{"embeddable":true,"href":"https:\/\/trlika.com\/de\/wp-json\/wp\/v2\/media\/709"}],"wp:attachment":[{"href":"https:\/\/trlika.com\/de\/wp-json\/wp\/v2\/media?parent=117"}],"curies":[{"name":"wp","href":"https:\/\/api.w.org\/{rel}","templated":true}]}}