{"id":372,"date":"2017-06-07T19:41:57","date_gmt":"2017-06-07T19:41:57","guid":{"rendered":"http:\/\/themes.getmotopress.com\/oceanica\/?page_id=372"},"modified":"2020-03-18T11:50:46","modified_gmt":"2020-03-18T10:50:46","slug":"members-rate","status":"publish","type":"page","link":"https:\/\/trlika.com\/de\/special-offers\/members-rate\/","title":{"rendered":"Members&#8217; Rate"},"content":{"rendered":"<p>Members always get more! We think that loyal clients who come to our house regularly should have more benefits, therefore, we&#8217;ve developed a flexible system of rates for those who join our club. Be sure to get more options in time! It will take you a minute to provide your contact info and become our member! We have special rates for each apartment for our members. You can start your membership right after a stay in our house.<\/p>","protected":false},"excerpt":{"rendered":"<p>The lowest price for members<\/p>","protected":false},"author":1,"featured_media":424,"parent":368,"menu_order":0,"comment_status":"closed","ping_status":"closed","template":"template-full-width-page.php","meta":{"jetpack_post_was_ever_published":false,"footnotes":""},"class_list":["post-372","page","type-page","status-publish","has-post-thumbnail","hentry"],"jetpack_sharing_enabled":true,"jetpack_shortlink":"https:\/\/wp.me\/PbRaJk-60","jetpack-related-posts":[{"id":383,"url":"https:\/\/trlika.com\/de\/special-offers\/romantic-weekend\/","url_meta":{"origin":372,"position":0},"title":"Romantic Weekend","author":"Ivica","date":"8. Juni 2017.","format":false,"excerpt":"two special days of romance","rel":"","context":"\u00c4hnlicher Beitrag","block_context":{"text":"\u00c4hnlicher Beitrag","link":""},"img":{"alt_text":"","src":"","width":0,"height":0},"classes":[]},{"id":841,"url":"https:\/\/trlika.com\/de\/the-blue-line-apartment\/","url_meta":{"origin":372,"position":1},"title":"The Blue Line Apartment","author":"Ivica","date":"24. M\u00e4rz 2020.","format":false,"excerpt":"Sch\u00f6ne, gem\u00fctliche und komfortable Wohnung f\u00fcr zwei oder f\u00fcr eine Familie mit kleinen Kindern.","rel":"","context":"\u00c4hnlicher Beitrag","block_context":{"text":"\u00c4hnlicher Beitrag","link":""},"img":{"alt_text":"","src":"https:\/\/i0.wp.com\/trlika.com\/wp-content\/uploads\/2020\/03\/IMG_4315-scaled.jpg?fit=1200%2C900&ssl=1&resize=350%2C200","width":350,"height":200,"srcset":"https:\/\/i0.wp.com\/trlika.com\/wp-content\/uploads\/2020\/03\/IMG_4315-scaled.jpg?fit=1200%2C900&ssl=1&resize=350%2C200 1x, https:\/\/i0.wp.com\/trlika.com\/wp-content\/uploads\/2020\/03\/IMG_4315-scaled.jpg?fit=1200%2C900&ssl=1&resize=525%2C300 1.5x, https:\/\/i0.wp.com\/trlika.com\/wp-content\/uploads\/2020\/03\/IMG_4315-scaled.jpg?fit=1200%2C900&ssl=1&resize=700%2C400 2x, https:\/\/i0.wp.com\/trlika.com\/wp-content\/uploads\/2020\/03\/IMG_4315-scaled.jpg?fit=1200%2C900&ssl=1&resize=1050%2C600 3x"},"classes":[]},{"id":978,"url":"https:\/\/trlika.com\/de\/the-big-family-apartment\/","url_meta":{"origin":372,"position":2},"title":"The Big Family Apartment","author":"Ivica","date":"24. M\u00e4rz 2020.","format":false,"excerpt":"Gro\u00dfe und komfortable Wohnung f\u00fcr eine gro\u00dfe Familie oder eine Gruppe von Freunden.","rel":"","context":"\u00c4hnlicher Beitrag","block_context":{"text":"\u00c4hnlicher Beitrag","link":""},"img":{"alt_text":"","src":"https:\/\/i0.wp.com\/trlika.com\/wp-content\/uploads\/2024\/07\/IMG_3070.jpeg?fit=1200%2C900&ssl=1&resize=350%2C200","width":350,"height":200,"srcset":"https:\/\/i0.wp.com\/trlika.com\/wp-content\/uploads\/2024\/07\/IMG_3070.jpeg?fit=1200%2C900&ssl=1&resize=350%2C200 1x, https:\/\/i0.wp.com\/trlika.com\/wp-content\/uploads\/2024\/07\/IMG_3070.jpeg?fit=1200%2C900&ssl=1&resize=525%2C300 1.5x, https:\/\/i0.wp.com\/trlika.com\/wp-content\/uploads\/2024\/07\/IMG_3070.jpeg?fit=1200%2C900&ssl=1&resize=700%2C400 2x, https:\/\/i0.wp.com\/trlika.com\/wp-content\/uploads\/2024\/07\/IMG_3070.jpeg?fit=1200%2C900&ssl=1&resize=1050%2C600 3x"},"classes":[]},{"id":775,"url":"https:\/\/trlika.com\/de\/apartments-mikelic\/","url_meta":{"origin":372,"position":3},"title":"Apartments Mikelic","author":"Ivica","date":"23. M\u00e4rz 2020.","format":false,"excerpt":"The house is situated in a quiet place in the middle of a small village Kampor, overlooking the St. Eufemija bay and the old town as well as the Dundovo park-forest situated on the Kristofor peninsula melting away with numerous bays of the blue Adriatic. Apartments are placed in a\u2026","rel":"","context":"\u00c4hnlicher Beitrag","block_context":{"text":"\u00c4hnlicher Beitrag","link":""},"img":{"alt_text":"The Blue Line Apartment","src":"https:\/\/i0.wp.com\/trlika.com\/wp-content\/uploads\/2020\/03\/IMG_0463-scaled.jpg?fit=1200%2C900&ssl=1&resize=350%2C200","width":350,"height":200,"srcset":"https:\/\/i0.wp.com\/trlika.com\/wp-content\/uploads\/2020\/03\/IMG_0463-scaled.jpg?fit=1200%2C900&ssl=1&resize=350%2C200 1x, https:\/\/i0.wp.com\/trlika.com\/wp-content\/uploads\/2020\/03\/IMG_0463-scaled.jpg?fit=1200%2C900&ssl=1&resize=525%2C300 1.5x, https:\/\/i0.wp.com\/trlika.com\/wp-content\/uploads\/2020\/03\/IMG_0463-scaled.jpg?fit=1200%2C900&ssl=1&resize=700%2C400 2x, https:\/\/i0.wp.com\/trlika.com\/wp-content\/uploads\/2020\/03\/IMG_0463-scaled.jpg?fit=1200%2C900&ssl=1&resize=1050%2C600 3x"},"classes":[]},{"id":652,"url":"https:\/\/trlika.com\/de\/kampor\/","url_meta":{"origin":372,"position":4},"title":"Kampor","author":"Ivica","date":"22. M\u00e4rz 2020.","format":false,"excerpt":"Kampor is rich with forests and many sandy, pebble and rocky beaches and bays. One of larger is sandy beach \"Veliki Mel\" in Kampor, that lays 200m from our house. There is also one of the most popular FKK beaches in the region named \"Kandalora\" or \"The English beach\" as\u2026","rel":"","context":"\u00c4hnlicher Beitrag","block_context":{"text":"\u00c4hnlicher Beitrag","link":""},"img":{"alt_text":"Kampor","src":"https:\/\/i0.wp.com\/trlika.com\/wp-content\/uploads\/2020\/03\/2aa4f79c-bb70-4c89-b04f-509a77a750d0_0.jpg?fit=1200%2C763&ssl=1&resize=350%2C200","width":350,"height":200,"srcset":"https:\/\/i0.wp.com\/trlika.com\/wp-content\/uploads\/2020\/03\/2aa4f79c-bb70-4c89-b04f-509a77a750d0_0.jpg?fit=1200%2C763&ssl=1&resize=350%2C200 1x, https:\/\/i0.wp.com\/trlika.com\/wp-content\/uploads\/2020\/03\/2aa4f79c-bb70-4c89-b04f-509a77a750d0_0.jpg?fit=1200%2C763&ssl=1&resize=525%2C300 1.5x, https:\/\/i0.wp.com\/trlika.com\/wp-content\/uploads\/2020\/03\/2aa4f79c-bb70-4c89-b04f-509a77a750d0_0.jpg?fit=1200%2C763&ssl=1&resize=700%2C400 2x, https:\/\/i0.wp.com\/trlika.com\/wp-content\/uploads\/2020\/03\/2aa4f79c-bb70-4c89-b04f-509a77a750d0_0.jpg?fit=1200%2C763&ssl=1&resize=1050%2C600 3x"},"classes":[]},{"id":1021,"url":"https:\/\/trlika.com\/de\/location\/","url_meta":{"origin":372,"position":5},"title":"Lage","author":"Ivica","date":"24. M\u00e4rz 2020.","format":false,"excerpt":"House Trlika, Family Mikeli\u0107, Kampor 379, Rab 51280, Croatia Sea-side: 50 mSupermarket: 100 mBoat berth: 80 mBeach \"Meli\u0107\": 150 mSand beach \"Mel\": 700 mRestaurants: 100 mCaffe bars: 80 mDiving center: 250 mRent a boat\/bike\/moped: 100 m Tennis court\/school: 400 mBasketball\/football court: 80 mBowl court: 50 mAmbulance: 5 kmPharmacy: 5 kmDisco\u2026","rel":"","context":"\u00c4hnlicher Beitrag","block_context":{"text":"\u00c4hnlicher Beitrag","link":""},"img":{"alt_text":"","src":"https:\/\/i0.wp.com\/trlika.com\/wp-content\/uploads\/2025\/10\/IMG_4273.png?fit=1200%2C675&ssl=1&resize=350%2C200","width":350,"height":200,"srcset":"https:\/\/i0.wp.com\/trlika.com\/wp-content\/uploads\/2025\/10\/IMG_4273.png?fit=1200%2C675&ssl=1&resize=350%2C200 1x, https:\/\/i0.wp.com\/trlika.com\/wp-content\/uploads\/2025\/10\/IMG_4273.png?fit=1200%2C675&ssl=1&resize=525%2C300 1.5x, https:\/\/i0.wp.com\/trlika.com\/wp-content\/uploads\/2025\/10\/IMG_4273.png?fit=1200%2C675&ssl=1&resize=700%2C400 2x, https:\/\/i0.wp.com\/trlika.com\/wp-content\/uploads\/2025\/10\/IMG_4273.png?fit=1200%2C675&ssl=1&resize=1050%2C600 3x"},"classes":[]}],"_links":{"self":[{"href":"https:\/\/trlika.com\/de\/wp-json\/wp\/v2\/pages\/372","targetHints":{"allow":["GET"]}}],"collection":[{"href":"https:\/\/trlika.com\/de\/wp-json\/wp\/v2\/pages"}],"about":[{"href":"https:\/\/trlika.com\/de\/wp-json\/wp\/v2\/types\/page"}],"author":[{"embeddable":true,"href":"https:\/\/trlika.com\/de\/wp-json\/wp\/v2\/users\/1"}],"replies":[{"embeddable":true,"href":"https:\/\/trlika.com\/de\/wp-json\/wp\/v2\/comments?post=372"}],"version-history":[{"count":1,"href":"https:\/\/trlika.com\/de\/wp-json\/wp\/v2\/pages\/372\/revisions"}],"predecessor-version":[{"id":423,"href":"https:\/\/trlika.com\/de\/wp-json\/wp\/v2\/pages\/372\/revisions\/423"}],"up":[{"embeddable":true,"href":"https:\/\/trlika.com\/de\/wp-json\/wp\/v2\/pages\/368"}],"wp:featuredmedia":[{"embeddable":true,"href":"https:\/\/trlika.com\/de\/wp-json\/wp\/v2\/media\/424"}],"wp:attachment":[{"href":"https:\/\/trlika.com\/de\/wp-json\/wp\/v2\/media?parent=372"}],"curies":[{"name":"wp","href":"https:\/\/api.w.org\/{rel}","templated":true}]}}