{"id":775,"date":"2020-03-23T15:32:04","date_gmt":"2020-03-23T14:32:04","guid":{"rendered":"http:\/\/test.muncel.com\/?page_id=775"},"modified":"2020-03-28T14:14:33","modified_gmt":"2020-03-28T13:14:33","slug":"apartments-mikelic","status":"publish","type":"page","link":"https:\/\/trlika.com\/de\/apartments-mikelic\/","title":{"rendered":"Apartments Mikelic"},"content":{"rendered":"<p> <\/p>\n\n\n\n<p>Das Haus befindet sich an einem ruhigen Ort inmitten des kleinen Dorfes Kampor, mit Blick auf die Bucht St. Eufemija und die Altstadt sowie auf den Dundovo-Park-Wald, der auf der Halbinsel Kristofor liegt und mit zahlreichen Buchten der blauen Adria verschmilzt.<\/p>\n\n\n\n<p>Die Wohnungen sind in einem zweist\u00f6ckigen Haus untergebracht, das \u00fcber einen privaten Parkplatz und einen Garten mit zwei offenen Grillkaminen verf\u00fcgt.<\/p>\n\n\n\n<p>Die f\u00fcr 2+2 geeignete Wohnung befindet sich im ersten Stock und die 6+2 Wohnung im Erdgeschoss.  Jede besteht aus einer voll ausgestatteten K\u00fcche, Wohnzimmer, Esszimmer, Klimaanlage, digitalem Satellitenfernsehen und Internet. <\/p>\n\n\n\n<p>Gastgeber: Zdenka und Ivan Mikeli\u0107<br>Adresse: Kampor 203, 51280 Rab, Kroatien<br><br>Bankkonto:<br>IBAN: HR4424020063102693422<br>BIC\/SWIFT: ESBCHR22<br>Name: ZDENKA MIKELI\u0106<br>Adresse: Kampor 203, 51280 Rab, Kroatien<br>Bank: Erste &amp; Steierm\u00e4rkische Bank, Jadranski trg 3a,\u00a051000 Rijeka, Kroatien <\/p>\n\n\n\n<figure class=\"wp-block-gallery columns-3 is-cropped wp-block-gallery-1 is-layout-flex wp-block-gallery-is-layout-flex\"><ul class=\"blocks-gallery-grid\"><li class=\"blocks-gallery-item\"><figure><img data-recalc-dims=\"1\" loading=\"lazy\" decoding=\"async\" width=\"748\" height=\"561\" src=\"https:\/\/i0.wp.com\/test.muncel.com\/wp-content\/uploads\/2020\/03\/IMG_0463-2-1024x768.jpg?resize=748%2C561\" alt=\"\" data-id=\"1219\" data-link=\"http:\/\/test.muncel.com\/apartments-mikelic\/img_0463-2-2\/\" class=\"wp-image-1219\" srcset=\"https:\/\/i0.wp.com\/trlika.com\/wp-content\/uploads\/2020\/03\/IMG_0463-2-scaled.jpg?resize=1024%2C768&amp;ssl=1 1024w, https:\/\/i0.wp.com\/trlika.com\/wp-content\/uploads\/2020\/03\/IMG_0463-2-scaled.jpg?resize=300%2C225&amp;ssl=1 300w, https:\/\/i0.wp.com\/trlika.com\/wp-content\/uploads\/2020\/03\/IMG_0463-2-scaled.jpg?resize=768%2C576&amp;ssl=1 768w, https:\/\/i0.wp.com\/trlika.com\/wp-content\/uploads\/2020\/03\/IMG_0463-2-scaled.jpg?resize=1536%2C1152&amp;ssl=1 1536w, https:\/\/i0.wp.com\/trlika.com\/wp-content\/uploads\/2020\/03\/IMG_0463-2-scaled.jpg?resize=2048%2C1536&amp;ssl=1 2048w, https:\/\/i0.wp.com\/trlika.com\/wp-content\/uploads\/2020\/03\/IMG_0463-2-scaled.jpg?resize=747%2C560&amp;ssl=1 747w, https:\/\/i0.wp.com\/trlika.com\/wp-content\/uploads\/2020\/03\/IMG_0463-2-scaled.jpg?resize=2000%2C1500&amp;ssl=1 2000w, https:\/\/i0.wp.com\/trlika.com\/wp-content\/uploads\/2020\/03\/IMG_0463-2-scaled.jpg?w=2244 2244w\" sizes=\"auto, (max-width: 748px) 100vw, 748px\" \/><figcaption class=\"blocks-gallery-item__caption\">South facade<\/figcaption><\/figure><\/li><li class=\"blocks-gallery-item\"><figure><img data-recalc-dims=\"1\" loading=\"lazy\" decoding=\"async\" width=\"748\" height=\"561\" src=\"https:\/\/i0.wp.com\/test.muncel.com\/wp-content\/uploads\/2020\/03\/IMG_0464-1-1024x768.jpg?resize=748%2C561\" alt=\"\" data-id=\"1220\" data-link=\"http:\/\/test.muncel.com\/apartments-mikelic\/img_0464-1\/\" class=\"wp-image-1220\" srcset=\"https:\/\/i0.wp.com\/trlika.com\/wp-content\/uploads\/2020\/03\/IMG_0464-1-scaled.jpg?resize=1024%2C768&amp;ssl=1 1024w, https:\/\/i0.wp.com\/trlika.com\/wp-content\/uploads\/2020\/03\/IMG_0464-1-scaled.jpg?resize=300%2C225&amp;ssl=1 300w, https:\/\/i0.wp.com\/trlika.com\/wp-content\/uploads\/2020\/03\/IMG_0464-1-scaled.jpg?resize=768%2C576&amp;ssl=1 768w, https:\/\/i0.wp.com\/trlika.com\/wp-content\/uploads\/2020\/03\/IMG_0464-1-scaled.jpg?resize=1536%2C1152&amp;ssl=1 1536w, https:\/\/i0.wp.com\/trlika.com\/wp-content\/uploads\/2020\/03\/IMG_0464-1-scaled.jpg?resize=2048%2C1536&amp;ssl=1 2048w, https:\/\/i0.wp.com\/trlika.com\/wp-content\/uploads\/2020\/03\/IMG_0464-1-scaled.jpg?resize=747%2C560&amp;ssl=1 747w, https:\/\/i0.wp.com\/trlika.com\/wp-content\/uploads\/2020\/03\/IMG_0464-1-scaled.jpg?resize=2000%2C1500&amp;ssl=1 2000w, https:\/\/i0.wp.com\/trlika.com\/wp-content\/uploads\/2020\/03\/IMG_0464-1-scaled.jpg?w=2244 2244w\" sizes=\"auto, (max-width: 748px) 100vw, 748px\" \/><figcaption class=\"blocks-gallery-item__caption\"> South facade <\/figcaption><\/figure><\/li><li class=\"blocks-gallery-item\"><figure><img data-recalc-dims=\"1\" loading=\"lazy\" decoding=\"async\" width=\"748\" height=\"561\" src=\"https:\/\/i0.wp.com\/test.muncel.com\/wp-content\/uploads\/2020\/03\/IMG_0442-1-1024x768.jpeg?resize=748%2C561\" alt=\"\" data-id=\"1218\" data-link=\"http:\/\/test.muncel.com\/apartments-mikelic\/img_0442-1\/\" class=\"wp-image-1218\" srcset=\"https:\/\/i0.wp.com\/trlika.com\/wp-content\/uploads\/2020\/03\/IMG_0442-1.jpeg?resize=1024%2C768&amp;ssl=1 1024w, https:\/\/i0.wp.com\/trlika.com\/wp-content\/uploads\/2020\/03\/IMG_0442-1.jpeg?resize=300%2C225&amp;ssl=1 300w, https:\/\/i0.wp.com\/trlika.com\/wp-content\/uploads\/2020\/03\/IMG_0442-1.jpeg?resize=768%2C576&amp;ssl=1 768w, https:\/\/i0.wp.com\/trlika.com\/wp-content\/uploads\/2020\/03\/IMG_0442-1.jpeg?resize=1536%2C1152&amp;ssl=1 1536w, https:\/\/i0.wp.com\/trlika.com\/wp-content\/uploads\/2020\/03\/IMG_0442-1.jpeg?resize=747%2C560&amp;ssl=1 747w, https:\/\/i0.wp.com\/trlika.com\/wp-content\/uploads\/2020\/03\/IMG_0442-1.jpeg?resize=2000%2C1500&amp;ssl=1 2000w, https:\/\/i0.wp.com\/trlika.com\/wp-content\/uploads\/2020\/03\/IMG_0442-1.jpeg?w=2048&amp;ssl=1 2048w\" sizes=\"auto, (max-width: 748px) 100vw, 748px\" \/><figcaption class=\"blocks-gallery-item__caption\">Barbecue of one apartment<\/figcaption><\/figure><\/li><li class=\"blocks-gallery-item\"><figure><img data-recalc-dims=\"1\" loading=\"lazy\" decoding=\"async\" width=\"748\" height=\"562\" src=\"https:\/\/i0.wp.com\/test.muncel.com\/wp-content\/uploads\/2020\/03\/Image00009.jpg?resize=748%2C562\" alt=\"\" data-id=\"1216\" data-link=\"http:\/\/test.muncel.com\/apartments-mikelic\/image00009\/\" class=\"wp-image-1216\" srcset=\"https:\/\/i0.wp.com\/trlika.com\/wp-content\/uploads\/2020\/03\/Image00009.jpg?w=1024&amp;ssl=1 1024w, https:\/\/i0.wp.com\/trlika.com\/wp-content\/uploads\/2020\/03\/Image00009.jpg?resize=300%2C225&amp;ssl=1 300w, https:\/\/i0.wp.com\/trlika.com\/wp-content\/uploads\/2020\/03\/Image00009.jpg?resize=768%2C577&amp;ssl=1 768w, https:\/\/i0.wp.com\/trlika.com\/wp-content\/uploads\/2020\/03\/Image00009.jpg?resize=746%2C560&amp;ssl=1 746w\" sizes=\"auto, (max-width: 748px) 100vw, 748px\" \/><figcaption class=\"blocks-gallery-item__caption\">North Facade<\/figcaption><\/figure><\/li><li class=\"blocks-gallery-item\"><figure><img data-recalc-dims=\"1\" loading=\"lazy\" decoding=\"async\" width=\"748\" height=\"561\" src=\"https:\/\/i0.wp.com\/test.muncel.com\/wp-content\/uploads\/2020\/03\/IMG-2230-1024x768.jpg?resize=748%2C561\" alt=\"\" data-id=\"1221\" data-full-url=\"http:\/\/test.muncel.com\/wp-content\/uploads\/2020\/03\/IMG-2230-scaled.jpg\" data-link=\"http:\/\/test.muncel.com\/apartments-mikelic\/img-2230\/\" class=\"wp-image-1221\" srcset=\"https:\/\/i0.wp.com\/trlika.com\/wp-content\/uploads\/2020\/03\/IMG-2230-scaled.jpg?resize=1024%2C768&amp;ssl=1 1024w, https:\/\/i0.wp.com\/trlika.com\/wp-content\/uploads\/2020\/03\/IMG-2230-scaled.jpg?resize=300%2C225&amp;ssl=1 300w, https:\/\/i0.wp.com\/trlika.com\/wp-content\/uploads\/2020\/03\/IMG-2230-scaled.jpg?resize=768%2C576&amp;ssl=1 768w, https:\/\/i0.wp.com\/trlika.com\/wp-content\/uploads\/2020\/03\/IMG-2230-scaled.jpg?resize=1536%2C1152&amp;ssl=1 1536w, https:\/\/i0.wp.com\/trlika.com\/wp-content\/uploads\/2020\/03\/IMG-2230-scaled.jpg?resize=2048%2C1536&amp;ssl=1 2048w, https:\/\/i0.wp.com\/trlika.com\/wp-content\/uploads\/2020\/03\/IMG-2230-scaled.jpg?resize=747%2C560&amp;ssl=1 747w, https:\/\/i0.wp.com\/trlika.com\/wp-content\/uploads\/2020\/03\/IMG-2230-scaled.jpg?resize=2000%2C1500&amp;ssl=1 2000w, https:\/\/i0.wp.com\/trlika.com\/wp-content\/uploads\/2020\/03\/IMG-2230-scaled.jpg?w=2244 2244w\" sizes=\"auto, (max-width: 748px) 100vw, 748px\" \/><figcaption class=\"blocks-gallery-item__caption\">Parking<\/figcaption><\/figure><\/li><li class=\"blocks-gallery-item\"><figure><img data-recalc-dims=\"1\" loading=\"lazy\" decoding=\"async\" width=\"512\" height=\"433\" src=\"https:\/\/i0.wp.com\/test.muncel.com\/wp-content\/uploads\/2020\/03\/muncel_rab_.jpg?resize=512%2C433\" alt=\"\" data-id=\"1217\" data-link=\"http:\/\/test.muncel.com\/apartments-mikelic\/muncel_rab_\/\" class=\"wp-image-1217\" srcset=\"https:\/\/i0.wp.com\/trlika.com\/wp-content\/uploads\/2020\/03\/muncel_rab_.jpg?w=512&amp;ssl=1 512w, https:\/\/i0.wp.com\/trlika.com\/wp-content\/uploads\/2020\/03\/muncel_rab_.jpg?resize=300%2C254&amp;ssl=1 300w\" sizes=\"auto, (max-width: 512px) 100vw, 512px\" \/><figcaption class=\"blocks-gallery-item__caption\">Lage<\/figcaption><\/figure><\/li><\/ul><\/figure>\n\n\n\n<iframe loading=\"lazy\" src=\"https:\/\/www.google.com\/maps\/embed?pb=!1m18!1m12!1m3!1d1416.0872604373064!2d14.722670780603524!3d44.77724727788073!2m3!1f0!2f0!3f0!3m2!1i1024!2i768!4f13.1!3m3!1m2!1s0x4763a8b804df6abf%3A0xc38aa617089dcef8!2sApartments%20Mikelic!5e0!3m2!1shr!2shr!4v1585400992230!5m2!1shr!2shr\" width=\"600\" height=\"450\" frameborder=\"0\" style=\"border:0;\" allowfullscreen=\"\" aria-hidden=\"false\" tabindex=\"0\"><\/iframe>","protected":false},"excerpt":{"rendered":"<p>The house is situated in a quiet place in the middle of a small village Kampor, overlooking the St. Eufemija bay and the old town as well as the Dundovo park-forest situated on the Kristofor peninsula melting away with numerous bays of the blue Adriatic. Apartments are placed in a two-floor house, accompanied by private &hellip; <a href=\"https:\/\/trlika.com\/de\/apartments-mikelic\/\" class=\"more-link\">Continue reading<span class=\"screen-reader-text\"> &#8220;Apartments Mikelic&#8221;<\/span><\/a><\/p>","protected":false},"author":1,"featured_media":777,"parent":0,"menu_order":0,"comment_status":"closed","ping_status":"closed","template":"","meta":{"jetpack_post_was_ever_published":false,"footnotes":""},"class_list":["post-775","page","type-page","status-publish","has-post-thumbnail","hentry"],"jetpack_sharing_enabled":true,"jetpack_shortlink":"https:\/\/wp.me\/PbRaJk-cv","jetpack-related-posts":[{"id":652,"url":"https:\/\/trlika.com\/de\/kampor\/","url_meta":{"origin":775,"position":0},"title":"Kampor","author":"Ivica","date":"22. M\u00e4rz 2020.","format":false,"excerpt":"Kampor is rich with forests and many sandy, pebble and rocky beaches and bays. One of larger is sandy beach \"Veliki Mel\" in Kampor, that lays 200m from our house. There is also one of the most popular FKK beaches in the region named \"Kandalora\" or \"The English beach\" as\u2026","rel":"","context":"\u00c4hnlicher Beitrag","block_context":{"text":"\u00c4hnlicher Beitrag","link":""},"img":{"alt_text":"Kampor","src":"https:\/\/i0.wp.com\/trlika.com\/wp-content\/uploads\/2020\/03\/2aa4f79c-bb70-4c89-b04f-509a77a750d0_0.jpg?fit=1200%2C763&ssl=1&resize=350%2C200","width":350,"height":200,"srcset":"https:\/\/i0.wp.com\/trlika.com\/wp-content\/uploads\/2020\/03\/2aa4f79c-bb70-4c89-b04f-509a77a750d0_0.jpg?fit=1200%2C763&ssl=1&resize=350%2C200 1x, https:\/\/i0.wp.com\/trlika.com\/wp-content\/uploads\/2020\/03\/2aa4f79c-bb70-4c89-b04f-509a77a750d0_0.jpg?fit=1200%2C763&ssl=1&resize=525%2C300 1.5x, https:\/\/i0.wp.com\/trlika.com\/wp-content\/uploads\/2020\/03\/2aa4f79c-bb70-4c89-b04f-509a77a750d0_0.jpg?fit=1200%2C763&ssl=1&resize=700%2C400 2x, https:\/\/i0.wp.com\/trlika.com\/wp-content\/uploads\/2020\/03\/2aa4f79c-bb70-4c89-b04f-509a77a750d0_0.jpg?fit=1200%2C763&ssl=1&resize=1050%2C600 3x"},"classes":[]},{"id":1105,"url":"https:\/\/trlika.com\/de\/terms-and-conditions\/","url_meta":{"origin":775,"position":1},"title":"Terms and conditions","author":"Ivica","date":"26. M\u00e4rz 2020.","format":false,"excerpt":"Bank account:Name and surname:\u00a0IVICA MIKELICAddress:\u00a0Kampor 203, 51280 Rab, CroatiaIBAN: HR0324020063101456343Bank: Erste & Steierm\u00e4rkische Bank, Jadranski trg 3a, 51000 Rijeka, CroatiaSWIFT: ESBCHR22 Bank fees and money transfer costs should be paid by sending party.In case more guests arrive than was registered upon reservation, we reserve the right to deny accommodation to\u2026","rel":"","context":"\u00c4hnlicher Beitrag","block_context":{"text":"\u00c4hnlicher Beitrag","link":""},"img":{"alt_text":"","src":"https:\/\/i0.wp.com\/trlika.com\/wp-content\/uploads\/2020\/03\/rab-sziget-kepek-13-1.jpg?fit=1200%2C799&ssl=1&resize=350%2C200","width":350,"height":200,"srcset":"https:\/\/i0.wp.com\/trlika.com\/wp-content\/uploads\/2020\/03\/rab-sziget-kepek-13-1.jpg?fit=1200%2C799&ssl=1&resize=350%2C200 1x, https:\/\/i0.wp.com\/trlika.com\/wp-content\/uploads\/2020\/03\/rab-sziget-kepek-13-1.jpg?fit=1200%2C799&ssl=1&resize=525%2C300 1.5x, https:\/\/i0.wp.com\/trlika.com\/wp-content\/uploads\/2020\/03\/rab-sziget-kepek-13-1.jpg?fit=1200%2C799&ssl=1&resize=700%2C400 2x, https:\/\/i0.wp.com\/trlika.com\/wp-content\/uploads\/2020\/03\/rab-sziget-kepek-13-1.jpg?fit=1200%2C799&ssl=1&resize=1050%2C600 3x"},"classes":[]},{"id":1021,"url":"https:\/\/trlika.com\/de\/location\/","url_meta":{"origin":775,"position":2},"title":"Lage","author":"Ivica","date":"24. M\u00e4rz 2020.","format":false,"excerpt":"House Trlika, Family Mikeli\u0107, Kampor 379, Rab 51280, Croatia Sea-side: 50 mSupermarket: 100 mBoat berth: 80 mBeach \"Meli\u0107\": 150 mSand beach \"Mel\": 700 mRestaurants: 100 mCaffe bars: 80 mDiving center: 250 mRent a boat\/bike\/moped: 100 m Tennis court\/school: 400 mBasketball\/football court: 80 mBowl court: 50 mAmbulance: 5 kmPharmacy: 5 kmDisco\u2026","rel":"","context":"\u00c4hnlicher Beitrag","block_context":{"text":"\u00c4hnlicher Beitrag","link":""},"img":{"alt_text":"","src":"https:\/\/i0.wp.com\/trlika.com\/wp-content\/uploads\/2025\/10\/IMG_4273.png?fit=1200%2C675&ssl=1&resize=350%2C200","width":350,"height":200,"srcset":"https:\/\/i0.wp.com\/trlika.com\/wp-content\/uploads\/2025\/10\/IMG_4273.png?fit=1200%2C675&ssl=1&resize=350%2C200 1x, https:\/\/i0.wp.com\/trlika.com\/wp-content\/uploads\/2025\/10\/IMG_4273.png?fit=1200%2C675&ssl=1&resize=525%2C300 1.5x, https:\/\/i0.wp.com\/trlika.com\/wp-content\/uploads\/2025\/10\/IMG_4273.png?fit=1200%2C675&ssl=1&resize=700%2C400 2x, https:\/\/i0.wp.com\/trlika.com\/wp-content\/uploads\/2025\/10\/IMG_4273.png?fit=1200%2C675&ssl=1&resize=1050%2C600 3x"},"classes":[]},{"id":117,"url":"https:\/\/trlika.com\/de\/hotel\/rab-island\/activities\/","url_meta":{"origin":775,"position":3},"title":"Aktivit\u00e4ten","author":"Ivica","date":"16. Mai 2017.","format":false,"excerpt":"Make your holidays unforgettable...","rel":"","context":"\u00c4hnlicher Beitrag","block_context":{"text":"\u00c4hnlicher Beitrag","link":""},"img":{"alt_text":"","src":"https:\/\/i0.wp.com\/trlika.com\/wp-content\/uploads\/2020\/03\/Planinarenje.jpg?fit=720%2C425&ssl=1&resize=350%2C200","width":350,"height":200,"srcset":"https:\/\/i0.wp.com\/trlika.com\/wp-content\/uploads\/2020\/03\/Planinarenje.jpg?fit=720%2C425&ssl=1&resize=350%2C200 1x, https:\/\/i0.wp.com\/trlika.com\/wp-content\/uploads\/2020\/03\/Planinarenje.jpg?fit=720%2C425&ssl=1&resize=525%2C300 1.5x, https:\/\/i0.wp.com\/trlika.com\/wp-content\/uploads\/2020\/03\/Planinarenje.jpg?fit=720%2C425&ssl=1&resize=700%2C400 2x"},"classes":[]},{"id":44,"url":"https:\/\/trlika.com\/de\/hotel\/rab-island\/","url_meta":{"origin":775,"position":4},"title":"Rab \u2013 100%  Insel","author":"Ivica","date":"16. Mai 2017.","format":false,"excerpt":"Rab is an island, a piece of the Kvarner Bay archipelago in the northern part of the Adriatic Sea. Together with smaller isles surrounding it, the surface of the island is 86,14 square kilometers. At its longest part the island measures 22km while at its widest part it is 11km\u2026","rel":"","context":"\u00c4hnlicher Beitrag","block_context":{"text":"\u00c4hnlicher Beitrag","link":""},"img":{"alt_text":"Insel Rab","src":"https:\/\/i0.wp.com\/trlika.com\/wp-content\/uploads\/2020\/03\/Island-Rab-scaled.jpg?fit=1200%2C708&ssl=1&resize=350%2C200","width":350,"height":200,"srcset":"https:\/\/i0.wp.com\/trlika.com\/wp-content\/uploads\/2020\/03\/Island-Rab-scaled.jpg?fit=1200%2C708&ssl=1&resize=350%2C200 1x, https:\/\/i0.wp.com\/trlika.com\/wp-content\/uploads\/2020\/03\/Island-Rab-scaled.jpg?fit=1200%2C708&ssl=1&resize=525%2C300 1.5x, https:\/\/i0.wp.com\/trlika.com\/wp-content\/uploads\/2020\/03\/Island-Rab-scaled.jpg?fit=1200%2C708&ssl=1&resize=700%2C400 2x, https:\/\/i0.wp.com\/trlika.com\/wp-content\/uploads\/2020\/03\/Island-Rab-scaled.jpg?fit=1200%2C708&ssl=1&resize=1050%2C600 3x"},"classes":[]},{"id":67,"url":"https:\/\/trlika.com\/de\/hotel\/rab-island\/beaches\/","url_meta":{"origin":775,"position":5},"title":"Str\u00e4nde","author":"Ivica","date":"16. Mai 2017.","format":false,"excerpt":"The island offers beaches to fit everyone\u2019s taste","rel":"","context":"\u00c4hnlicher Beitrag","block_context":{"text":"\u00c4hnlicher Beitrag","link":""},"img":{"alt_text":"","src":"https:\/\/i0.wp.com\/trlika.com\/wp-content\/uploads\/2020\/03\/Rab-Kalifront-Sv-Mara.jpg?fit=1200%2C801&ssl=1&resize=350%2C200","width":350,"height":200,"srcset":"https:\/\/i0.wp.com\/trlika.com\/wp-content\/uploads\/2020\/03\/Rab-Kalifront-Sv-Mara.jpg?fit=1200%2C801&ssl=1&resize=350%2C200 1x, https:\/\/i0.wp.com\/trlika.com\/wp-content\/uploads\/2020\/03\/Rab-Kalifront-Sv-Mara.jpg?fit=1200%2C801&ssl=1&resize=525%2C300 1.5x, https:\/\/i0.wp.com\/trlika.com\/wp-content\/uploads\/2020\/03\/Rab-Kalifront-Sv-Mara.jpg?fit=1200%2C801&ssl=1&resize=700%2C400 2x, https:\/\/i0.wp.com\/trlika.com\/wp-content\/uploads\/2020\/03\/Rab-Kalifront-Sv-Mara.jpg?fit=1200%2C801&ssl=1&resize=1050%2C600 3x"},"classes":[]}],"_links":{"self":[{"href":"https:\/\/trlika.com\/de\/wp-json\/wp\/v2\/pages\/775","targetHints":{"allow":["GET"]}}],"collection":[{"href":"https:\/\/trlika.com\/de\/wp-json\/wp\/v2\/pages"}],"about":[{"href":"https:\/\/trlika.com\/de\/wp-json\/wp\/v2\/types\/page"}],"author":[{"embeddable":true,"href":"https:\/\/trlika.com\/de\/wp-json\/wp\/v2\/users\/1"}],"replies":[{"embeddable":true,"href":"https:\/\/trlika.com\/de\/wp-json\/wp\/v2\/comments?post=775"}],"version-history":[{"count":6,"href":"https:\/\/trlika.com\/de\/wp-json\/wp\/v2\/pages\/775\/revisions"}],"predecessor-version":[{"id":2265,"href":"https:\/\/trlika.com\/de\/wp-json\/wp\/v2\/pages\/775\/revisions\/2265"}],"wp:featuredmedia":[{"embeddable":true,"href":"https:\/\/trlika.com\/de\/wp-json\/wp\/v2\/media\/777"}],"wp:attachment":[{"href":"https:\/\/trlika.com\/de\/wp-json\/wp\/v2\/media?parent=775"}],"curies":[{"name":"wp","href":"https:\/\/api.w.org\/{rel}","templated":true}]}}